{"id":179,"date":"2018-08-29T15:23:46","date_gmt":"2018-08-29T13:23:46","guid":{"rendered":"http:\/\/alucis.ovh\/?page_id=179"},"modified":"2019-12-22T21:02:43","modified_gmt":"2019-12-22T20:02:43","slug":"demarches-qualite-securite-environnement","status":"publish","type":"page","link":"https:\/\/alucis.ovh\/index.php\/nos-offres\/demarches-qualite-securite-environnement\/","title":{"rendered":"D\u00e9marches Qualit\u00e9-S\u00e9curit\u00e9-Environnement"},"content":{"rendered":"\n<div class=\"wp-block-image\"><figure class=\"aligncenter size-large\"><img loading=\"lazy\" decoding=\"async\" width=\"1024\" height=\"422\" src=\"https:\/\/alucis.ovh\/wp-content\/uploads\/2019\/12\/technology-1095751_1920-1024x422.jpg\" alt=\"\" class=\"wp-image-839\" srcset=\"https:\/\/alucis.ovh\/wp-content\/uploads\/2019\/12\/technology-1095751_1920-1024x422.jpg 1024w, https:\/\/alucis.ovh\/wp-content\/uploads\/2019\/12\/technology-1095751_1920-300x124.jpg 300w, https:\/\/alucis.ovh\/wp-content\/uploads\/2019\/12\/technology-1095751_1920-768x316.jpg 768w, https:\/\/alucis.ovh\/wp-content\/uploads\/2019\/12\/technology-1095751_1920.jpg 1274w\" sizes=\"auto, (max-width: 767px) 89vw, (max-width: 1000px) 54vw, (max-width: 1071px) 543px, 580px\" \/><\/figure><\/div>\n\n\n\n<p style=\"text-align: justify;\"><strong>ALUCIS<\/strong>\u00a0 vous conseille et vous accompagne sur toutes vos probl\u00e9matiques QSE et Formation avec bon sens, pragmatisme et simplicit\u00e9 pour mettre en place un Syst\u00e8me de management efficace.<\/p>\n\n\n\n<div class=\"wp-block-media-text alignwide\" style=\"grid-template-columns:29% auto\"><figure class=\"wp-block-media-text__media\"><img loading=\"lazy\" decoding=\"async\" width=\"342\" height=\"371\" src=\"http:\/\/alucis.ovh\/wp-content\/uploads\/2019\/01\/001_02.jpg\" alt=\"\" class=\"wp-image-613\" srcset=\"https:\/\/alucis.ovh\/wp-content\/uploads\/2019\/01\/001_02.jpg 342w, https:\/\/alucis.ovh\/wp-content\/uploads\/2019\/01\/001_02-277x300.jpg 277w\" sizes=\"auto, (max-width: 342px) 100vw, 342px\" \/><\/figure><div class=\"wp-block-media-text__content\">\n<h2 class=\"wp-block-heading\">Diagnostic<\/h2>\n\n\n\n<ul class=\"wp-block-list\"><li>Etat des lieux de votre structure par rapport au(x) r\u00e9f\u00e9rentiel(s) retenu(s) ;<\/li><li>Outils d\u00e9velopp\u00e9s par <strong>ALUCIS<\/strong> et \u00e9prouv\u00e9s depuis 2015 ;<\/li><li>Diagnostic initial servant de fil conducteur \u00e0 votre d\u00e9marche ;<\/li><li>\u00c9valuation du niveau de maturit\u00e9 de votre Syst\u00e8me de management.<\/li><\/ul>\n<\/div><\/div>\n\n\n\n<div class=\"wp-block-media-text alignwide\" style=\"grid-template-columns:30% auto\"><figure class=\"wp-block-media-text__media\"><img loading=\"lazy\" decoding=\"async\" width=\"1024\" height=\"1024\" src=\"http:\/\/alucis.ovh\/wp-content\/uploads\/2019\/01\/001_03-1024x1024.jpg\" alt=\"\" class=\"wp-image-614\" srcset=\"https:\/\/alucis.ovh\/wp-content\/uploads\/2019\/01\/001_03-1024x1024.jpg 1024w, https:\/\/alucis.ovh\/wp-content\/uploads\/2019\/01\/001_03-150x150.jpg 150w, https:\/\/alucis.ovh\/wp-content\/uploads\/2019\/01\/001_03-300x300.jpg 300w, https:\/\/alucis.ovh\/wp-content\/uploads\/2019\/01\/001_03-768x768.jpg 768w, https:\/\/alucis.ovh\/wp-content\/uploads\/2019\/01\/001_03-100x100.jpg 100w, https:\/\/alucis.ovh\/wp-content\/uploads\/2019\/01\/001_03-1320x1320.jpg 1320w, https:\/\/alucis.ovh\/wp-content\/uploads\/2019\/01\/001_03.jpg 1920w\" sizes=\"auto, (max-width: 767px) 89vw, (max-width: 1000px) 54vw, (max-width: 1071px) 543px, 580px\" \/><\/figure><div class=\"wp-block-media-text__content\">\n<h2 class=\"wp-block-heading\">Plan d&rsquo;actions<\/h2>\n\n\n\n<ul class=\"wp-block-list\"><li>Pr\u00e9conisation des actions \u00e0 mettre en \u0153uvre selon le niveau de maturit\u00e9 du Syst\u00e8me de management envisag\u00e9 ;<\/li><li>Hi\u00e9rarchisation \/ priorisation des actions envisag\u00e9es au regard de vos objectifs, risques et opportunit\u00e9s ;<\/li><li>M\u00e9thodologies de suivi des actions adapt\u00e9es en fonction de vos besoins et contraintes.<\/li><\/ul>\n<\/div><\/div>\n\n\n\n<div class=\"wp-block-media-text alignwide\" style=\"grid-template-columns:31% auto\"><figure class=\"wp-block-media-text__media\"><img loading=\"lazy\" decoding=\"async\" width=\"1024\" height=\"1024\" src=\"http:\/\/alucis.ovh\/wp-content\/uploads\/2019\/01\/001_04-1024x1024.jpg\" alt=\"\" class=\"wp-image-615\" srcset=\"https:\/\/alucis.ovh\/wp-content\/uploads\/2019\/01\/001_04-1024x1024.jpg 1024w, https:\/\/alucis.ovh\/wp-content\/uploads\/2019\/01\/001_04-150x150.jpg 150w, https:\/\/alucis.ovh\/wp-content\/uploads\/2019\/01\/001_04-300x300.jpg 300w, https:\/\/alucis.ovh\/wp-content\/uploads\/2019\/01\/001_04-768x768.jpg 768w, https:\/\/alucis.ovh\/wp-content\/uploads\/2019\/01\/001_04-100x100.jpg 100w, https:\/\/alucis.ovh\/wp-content\/uploads\/2019\/01\/001_04-1320x1320.jpg 1320w, https:\/\/alucis.ovh\/wp-content\/uploads\/2019\/01\/001_04.jpg 1920w\" sizes=\"auto, (max-width: 767px) 89vw, (max-width: 1000px) 54vw, (max-width: 1071px) 543px, 580px\" \/><\/figure><div class=\"wp-block-media-text__content\">\n<h2 class=\"wp-block-heading\">Accompagnement<\/h2>\n\n\n\n<ul class=\"wp-block-list\"><li>Accompagnement \u00e0 la mise en \u0153uvre et au d\u00e9ploiement de votre Syst\u00e8me de management ;<\/li><li>Accompagnement sur site et\/ou \u00e0 distance ;<\/li><li>Personnalisation de la dur\u00e9e effective et du d\u00e9roulement de l\u2019accompagnement \u00e0 chaque client.<\/li><\/ul>\n<\/div><\/div>\n\n\n\n<div class=\"wp-block-media-text alignwide\" style=\"grid-template-columns:32% auto\"><figure class=\"wp-block-media-text__media\"><img loading=\"lazy\" decoding=\"async\" width=\"1024\" height=\"1024\" src=\"http:\/\/alucis.ovh\/wp-content\/uploads\/2019\/01\/001_05a-1024x1024.jpg\" alt=\"\" class=\"wp-image-616\" srcset=\"https:\/\/alucis.ovh\/wp-content\/uploads\/2019\/01\/001_05a-1024x1024.jpg 1024w, https:\/\/alucis.ovh\/wp-content\/uploads\/2019\/01\/001_05a-150x150.jpg 150w, https:\/\/alucis.ovh\/wp-content\/uploads\/2019\/01\/001_05a-300x300.jpg 300w, https:\/\/alucis.ovh\/wp-content\/uploads\/2019\/01\/001_05a-768x768.jpg 768w, https:\/\/alucis.ovh\/wp-content\/uploads\/2019\/01\/001_05a-100x100.jpg 100w, https:\/\/alucis.ovh\/wp-content\/uploads\/2019\/01\/001_05a-1320x1320.jpg 1320w, https:\/\/alucis.ovh\/wp-content\/uploads\/2019\/01\/001_05a.jpg 1920w\" sizes=\"auto, (max-width: 767px) 89vw, (max-width: 1000px) 54vw, (max-width: 1071px) 543px, 580px\" \/><\/figure><div class=\"wp-block-media-text__content\">\n<h2 class=\"wp-block-heading\">Formation sur mesure<\/h2>\n\n\n\n<ul class=\"wp-block-list\"><li>Formation de vos \u00e9quipes sur les th\u00e9matiques n\u00e9cessaires (direction, responsable QSE, correspondant qualit\u00e9, auditeur interne, manager, responsable formation \u2026) ;<\/li><li>Formations dispens\u00e9es par nos formateurs exp\u00e9riment\u00e9s (plus de 20 ans d\u2019exp\u00e9rience).<\/li><\/ul>\n<\/div><\/div>\n\n\n\n<div class=\"wp-block-media-text alignwide\" style=\"grid-template-columns:34% auto\"><figure class=\"wp-block-media-text__media\"><img loading=\"lazy\" decoding=\"async\" width=\"1024\" height=\"1024\" src=\"http:\/\/alucis.ovh\/wp-content\/uploads\/2018\/08\/meeting-1015591_1920-1024x1024.jpg\" alt=\"\" class=\"wp-image-322\" srcset=\"https:\/\/alucis.ovh\/wp-content\/uploads\/2018\/08\/meeting-1015591_1920-1024x1024.jpg 1024w, https:\/\/alucis.ovh\/wp-content\/uploads\/2018\/08\/meeting-1015591_1920-150x150.jpg 150w, https:\/\/alucis.ovh\/wp-content\/uploads\/2018\/08\/meeting-1015591_1920-300x300.jpg 300w, https:\/\/alucis.ovh\/wp-content\/uploads\/2018\/08\/meeting-1015591_1920-768x768.jpg 768w, https:\/\/alucis.ovh\/wp-content\/uploads\/2018\/08\/meeting-1015591_1920-100x100.jpg 100w, https:\/\/alucis.ovh\/wp-content\/uploads\/2018\/08\/meeting-1015591_1920-1320x1320.jpg 1320w, https:\/\/alucis.ovh\/wp-content\/uploads\/2018\/08\/meeting-1015591_1920.jpg 1920w\" sizes=\"auto, (max-width: 767px) 89vw, (max-width: 1000px) 54vw, (max-width: 1071px) 543px, 580px\" \/><\/figure><div class=\"wp-block-media-text__content\">\n<h2 class=\"wp-block-heading\">Animation<\/h2>\n\n\n\n<ul class=\"wp-block-list\"><li>Animation de vos audits internes, r\u00e9unions de management, revues de direction\u2026 ;<\/li><li>R\u00e9alisation d\u2019audits fournisseurs et d\u2019audits de sous-traitant sur demande ;<\/li><li>Sensibilisation de vos \u00e9quipes.<\/li><\/ul>\n<\/div><\/div>\n\n\n\n<div class=\"wp-block-media-text alignwide\" style=\"grid-template-columns:35% auto\"><figure class=\"wp-block-media-text__media\"><img loading=\"lazy\" decoding=\"async\" width=\"1024\" height=\"1024\" src=\"http:\/\/alucis.ovh\/wp-content\/uploads\/2019\/01\/001_07-1024x1024.jpg\" alt=\"\" class=\"wp-image-617\" srcset=\"https:\/\/alucis.ovh\/wp-content\/uploads\/2019\/01\/001_07-1024x1024.jpg 1024w, https:\/\/alucis.ovh\/wp-content\/uploads\/2019\/01\/001_07-150x150.jpg 150w, https:\/\/alucis.ovh\/wp-content\/uploads\/2019\/01\/001_07-300x300.jpg 300w, https:\/\/alucis.ovh\/wp-content\/uploads\/2019\/01\/001_07-768x768.jpg 768w, https:\/\/alucis.ovh\/wp-content\/uploads\/2019\/01\/001_07-100x100.jpg 100w, https:\/\/alucis.ovh\/wp-content\/uploads\/2019\/01\/001_07-1320x1320.jpg 1320w, https:\/\/alucis.ovh\/wp-content\/uploads\/2019\/01\/001_07.jpg 1920w\" sizes=\"auto, (max-width: 767px) 89vw, (max-width: 1000px) 54vw, (max-width: 1071px) 543px, 580px\" \/><\/figure><div class=\"wp-block-media-text__content\">\n<h2 class=\"wp-block-heading\">Audit \u00e0 blanc et\/ou mise \u00e0 jour du diagnostic initial<\/h2>\n\n\n\n<ul class=\"wp-block-list\"><li>Audit \u00e0 blanc r\u00e9alis\u00e9 par des auditeurs certifi\u00e9s r\u00e9alisant des audits de certification pour des organismes certificateurs reconnus ;<\/li><li>R\u00e9daction et transmission d\u2019un rapport d\u2019audit et mise \u00e0 jour du diagnostic initial.<\/li><\/ul>\n<\/div><\/div>\n\n\n\n<div class=\"wp-block-media-text alignwide\" style=\"grid-template-columns:37% auto\"><figure class=\"wp-block-media-text__media\"><img loading=\"lazy\" decoding=\"async\" width=\"1024\" height=\"1024\" src=\"http:\/\/alucis.ovh\/wp-content\/uploads\/2019\/01\/001_08-1024x1024.jpg\" alt=\"\" class=\"wp-image-618\" srcset=\"https:\/\/alucis.ovh\/wp-content\/uploads\/2019\/01\/001_08-1024x1024.jpg 1024w, https:\/\/alucis.ovh\/wp-content\/uploads\/2019\/01\/001_08-150x150.jpg 150w, https:\/\/alucis.ovh\/wp-content\/uploads\/2019\/01\/001_08-300x300.jpg 300w, https:\/\/alucis.ovh\/wp-content\/uploads\/2019\/01\/001_08-768x768.jpg 768w, https:\/\/alucis.ovh\/wp-content\/uploads\/2019\/01\/001_08-100x100.jpg 100w, https:\/\/alucis.ovh\/wp-content\/uploads\/2019\/01\/001_08-1320x1320.jpg 1320w, https:\/\/alucis.ovh\/wp-content\/uploads\/2019\/01\/001_08.jpg 1920w\" sizes=\"auto, (max-width: 767px) 89vw, (max-width: 1000px) 54vw, (max-width: 1071px) 543px, 580px\" \/><\/figure><div class=\"wp-block-media-text__content\">\n<h2 class=\"wp-block-heading\">Certification<\/h2>\n\n\n\n<ul class=\"wp-block-list\"><li>Vous souhaitez vous faire certifier ou maintenir votre certification, contactez-nous pour plus de d\u00e9tail, <a href=\"https:\/\/alucis.ovh\/index.php\/contacts\/\">cliquez ici<\/a><\/li><\/ul>\n<\/div><\/div>\n","protected":false},"excerpt":{"rendered":"<p>ALUCIS\u00a0 vous conseille et vous accompagne sur toutes vos probl\u00e9matiques QSE et Formation avec bon sens, pragmatisme et simplicit\u00e9 pour mettre en place un Syst\u00e8me de management efficace. Diagnostic Etat des lieux de votre structure par rapport au(x) r\u00e9f\u00e9rentiel(s) retenu(s) ; Outils d\u00e9velopp\u00e9s par ALUCIS et \u00e9prouv\u00e9s depuis 2015 ; Diagnostic initial servant de fil &hellip; <\/p>\n<p class=\"link-more\"><a href=\"https:\/\/alucis.ovh\/index.php\/nos-offres\/demarches-qualite-securite-environnement\/\" class=\"more-link\">Continuer la lecture<span class=\"screen-reader-text\"> de &laquo;&nbsp;D\u00e9marches Qualit\u00e9-S\u00e9curit\u00e9-Environnement&nbsp;&raquo;<\/span><\/a><\/p>\n","protected":false},"author":1,"featured_media":0,"parent":49,"menu_order":1,"comment_status":"closed","ping_status":"closed","template":"","meta":{"footnotes":""},"class_list":["post-179","page","type-page","status-publish","hentry"],"_links":{"self":[{"href":"https:\/\/alucis.ovh\/index.php\/wp-json\/wp\/v2\/pages\/179","targetHints":{"allow":["GET"]}}],"collection":[{"href":"https:\/\/alucis.ovh\/index.php\/wp-json\/wp\/v2\/pages"}],"about":[{"href":"https:\/\/alucis.ovh\/index.php\/wp-json\/wp\/v2\/types\/page"}],"author":[{"embeddable":true,"href":"https:\/\/alucis.ovh\/index.php\/wp-json\/wp\/v2\/users\/1"}],"replies":[{"embeddable":true,"href":"https:\/\/alucis.ovh\/index.php\/wp-json\/wp\/v2\/comments?post=179"}],"version-history":[{"count":14,"href":"https:\/\/alucis.ovh\/index.php\/wp-json\/wp\/v2\/pages\/179\/revisions"}],"predecessor-version":[{"id":883,"href":"https:\/\/alucis.ovh\/index.php\/wp-json\/wp\/v2\/pages\/179\/revisions\/883"}],"up":[{"embeddable":true,"href":"https:\/\/alucis.ovh\/index.php\/wp-json\/wp\/v2\/pages\/49"}],"wp:attachment":[{"href":"https:\/\/alucis.ovh\/index.php\/wp-json\/wp\/v2\/media?parent=179"}],"curies":[{"name":"wp","href":"https:\/\/api.w.org\/{rel}","templated":true}]}}