{"id":183,"date":"2018-08-29T15:24:38","date_gmt":"2018-08-29T13:24:38","guid":{"rendered":"http:\/\/alucis.ovh\/?page_id=183"},"modified":"2019-12-22T20:52:52","modified_gmt":"2019-12-22T19:52:52","slug":"audits-internes","status":"publish","type":"page","link":"https:\/\/alucis.ovh\/index.php\/nos-offres\/audits-internes\/","title":{"rendered":"Audits internes, audits fournisseurs, audits sous-traitants"},"content":{"rendered":"\n<figure class=\"wp-block-image size-large\"><img loading=\"lazy\" decoding=\"async\" width=\"1024\" height=\"683\" src=\"https:\/\/alucis.ovh\/wp-content\/uploads\/2019\/12\/Audit-1.jpg\" alt=\"\" class=\"wp-image-847\" srcset=\"https:\/\/alucis.ovh\/wp-content\/uploads\/2019\/12\/Audit-1.jpg 1024w, https:\/\/alucis.ovh\/wp-content\/uploads\/2019\/12\/Audit-1-300x200.jpg 300w, https:\/\/alucis.ovh\/wp-content\/uploads\/2019\/12\/Audit-1-768x512.jpg 768w\" sizes=\"auto, (max-width: 767px) 89vw, (max-width: 1000px) 54vw, (max-width: 1071px) 543px, 580px\" \/><\/figure>\n\n\n\n<p><strong>ALUCIS<\/strong> r\u00e9alise pour vous vos audits internes, vos audits fournisseurs et vos audits sous-traitants.<\/p>\n\n\n\n<div class=\"wp-block-media-text alignwide\" style=\"grid-template-columns:29% auto\"><figure class=\"wp-block-media-text__media\"><img loading=\"lazy\" decoding=\"async\" width=\"467\" height=\"1024\" src=\"http:\/\/alucis.ovh\/wp-content\/uploads\/2019\/01\/004_01-467x1024.png\" alt=\"\" class=\"wp-image-600\" srcset=\"https:\/\/alucis.ovh\/wp-content\/uploads\/2019\/01\/004_01-467x1024.png 467w, https:\/\/alucis.ovh\/wp-content\/uploads\/2019\/01\/004_01-137x300.png 137w, https:\/\/alucis.ovh\/wp-content\/uploads\/2019\/01\/004_01.png 644w\" sizes=\"auto, (max-width: 467px) 100vw, 467px\" \/><\/figure><div class=\"wp-block-media-text__content\">\n<h2 class=\"wp-block-heading\">Vous souhaitez :<\/h2>\n\n\n\n<ul class=\"wp-block-list\"><li>Sous-traiter tout ou partie de vos audits internes, de vos audits fournisseurs et\/ou de vos audits sous-traitants ;<\/li><li>Challenger vos \u00e9quipes ;<\/li><li>V\u00e9rifier la conformit\u00e9 de votre Syst\u00e8me de management \u00e0 l\u2019une des normes suivantes : ISO 9001, ISO 14001, ISO 18001, OHSAS 45001, MASE, QUALIFOUDRE, RNQ\/Qualiopi \u2026 ;<\/li><li>Faire r\u00e9aliser vos audits par des auditeurs professionnels certifi\u00e9s ;<\/li><li>Confronter votre organisation au regard d\u2019un expert ;<\/li><li>Obtenir un diagnostic sur une probl\u00e9matique QSE (gestion des d\u00e9chets, p\u00e9nibilit\u00e9, pr\u00e9vention et sant\u00e9 au travail\u2026) ou sur une probl\u00e9matique formation (RNQ\/Qualiopi).<\/li><\/ul>\n<\/div><\/div>\n\n\n\n<hr class=\"wp-block-separator is-style-wide\"\/>\n\n\n\n<p class=\"has-text-align-center\">Si une ou plusieurs des affirmations ci-dessus vous corresponds :<\/p>\n\n\n\n<p class=\"has-text-color has-text-align-center has-vivid-red-color\"><strong>CONTACTEZ-NOUS POUR EN SAVOIR PLUS,&nbsp;<a href=\"http:\/\/alucis.ovh\/index.php\/contacts\/\">CLIQUEZ ICI<\/a><\/strong><\/p>\n\n\n\n<p class=\"has-text-align-center\">Notre expertise va de l&rsquo;audit avec pr\u00e9conisations \u00e0 un accompagnement personnalis\u00e9.<\/p>\n\n\n\n<hr class=\"wp-block-separator is-style-wide\"\/>\n\n\n\n<div class=\"wp-block-media-text alignwide\" style=\"grid-template-columns:34% auto\"><figure class=\"wp-block-media-text__media\"><img loading=\"lazy\" decoding=\"async\" width=\"1024\" height=\"1024\" src=\"http:\/\/alucis.ovh\/wp-content\/uploads\/2019\/01\/007_04-1024x1024.jpg\" alt=\"\" class=\"wp-image-657\" srcset=\"https:\/\/alucis.ovh\/wp-content\/uploads\/2019\/01\/007_04-1024x1024.jpg 1024w, https:\/\/alucis.ovh\/wp-content\/uploads\/2019\/01\/007_04-150x150.jpg 150w, https:\/\/alucis.ovh\/wp-content\/uploads\/2019\/01\/007_04-300x300.jpg 300w, https:\/\/alucis.ovh\/wp-content\/uploads\/2019\/01\/007_04-768x768.jpg 768w, https:\/\/alucis.ovh\/wp-content\/uploads\/2019\/01\/007_04-100x100.jpg 100w, https:\/\/alucis.ovh\/wp-content\/uploads\/2019\/01\/007_04-1320x1320.jpg 1320w, https:\/\/alucis.ovh\/wp-content\/uploads\/2019\/01\/007_04.jpg 1920w\" sizes=\"auto, (max-width: 767px) 89vw, (max-width: 1000px) 54vw, (max-width: 1071px) 543px, 580px\" \/><\/figure><div class=\"wp-block-media-text__content\">\n<ul class=\"wp-block-list\"><li>Un regard ext\u00e9rieur sur votre organisation ;<\/li><li>Une comp\u00e9tence et une expertise reconnues ;<\/li><li>Des consultants certifi\u00e9s auditeurs QSE, Qualiopi ;<\/li><li>Des propositions d\u2019am\u00e9lioration pour aller au-del\u00e0 de simples constats de non-conformit\u00e9 ;<\/li><li>Des rapports d\u2019audit clairs et constructifs ;<\/li><li>Des formations d\u2019auditeur interne ;<\/li><li>Une proposition de suivi post-audit, si n\u00e9cessaire, pour vous \u00e9pauler dans la mise en place des propositions d\u2019am\u00e9lioration ;<\/li><li>Une pr\u00e9conisation des actions \u00e0 mettre en \u0153uvre ;<\/li><li>Des m\u00e9thodologies d\u2019audit conforment \u00e0 l\u2019ISO 19011 v2018 ;<\/li><li>Des outils performants et \u00e9prouv\u00e9s.<\/li><\/ul>\n<\/div><\/div>\n","protected":false},"excerpt":{"rendered":"<p>ALUCIS r\u00e9alise pour vous vos audits internes, vos audits fournisseurs et vos audits sous-traitants. Vous souhaitez : Sous-traiter tout ou partie de vos audits internes, de vos audits fournisseurs et\/ou de vos audits sous-traitants ; Challenger vos \u00e9quipes ; V\u00e9rifier la conformit\u00e9 de votre Syst\u00e8me de management \u00e0 l\u2019une des normes suivantes : ISO 9001, &hellip; <\/p>\n<p class=\"link-more\"><a href=\"https:\/\/alucis.ovh\/index.php\/nos-offres\/audits-internes\/\" class=\"more-link\">Continuer la lecture<span class=\"screen-reader-text\"> de &laquo;&nbsp;Audits internes, audits fournisseurs, audits sous-traitants&nbsp;&raquo;<\/span><\/a><\/p>\n","protected":false},"author":1,"featured_media":0,"parent":49,"menu_order":4,"comment_status":"closed","ping_status":"closed","template":"","meta":{"footnotes":""},"class_list":["post-183","page","type-page","status-publish","hentry"],"_links":{"self":[{"href":"https:\/\/alucis.ovh\/index.php\/wp-json\/wp\/v2\/pages\/183","targetHints":{"allow":["GET"]}}],"collection":[{"href":"https:\/\/alucis.ovh\/index.php\/wp-json\/wp\/v2\/pages"}],"about":[{"href":"https:\/\/alucis.ovh\/index.php\/wp-json\/wp\/v2\/types\/page"}],"author":[{"embeddable":true,"href":"https:\/\/alucis.ovh\/index.php\/wp-json\/wp\/v2\/users\/1"}],"replies":[{"embeddable":true,"href":"https:\/\/alucis.ovh\/index.php\/wp-json\/wp\/v2\/comments?post=183"}],"version-history":[{"count":13,"href":"https:\/\/alucis.ovh\/index.php\/wp-json\/wp\/v2\/pages\/183\/revisions"}],"predecessor-version":[{"id":876,"href":"https:\/\/alucis.ovh\/index.php\/wp-json\/wp\/v2\/pages\/183\/revisions\/876"}],"up":[{"embeddable":true,"href":"https:\/\/alucis.ovh\/index.php\/wp-json\/wp\/v2\/pages\/49"}],"wp:attachment":[{"href":"https:\/\/alucis.ovh\/index.php\/wp-json\/wp\/v2\/media?parent=183"}],"curies":[{"name":"wp","href":"https:\/\/api.w.org\/{rel}","templated":true}]}}