{"id":187,"date":"2018-08-29T15:25:08","date_gmt":"2018-08-29T13:25:08","guid":{"rendered":"http:\/\/alucis.ovh\/?page_id=187"},"modified":"2019-12-22T20:58:32","modified_gmt":"2019-12-22T19:58:32","slug":"coaching-professionnel-personnel","status":"publish","type":"page","link":"https:\/\/alucis.ovh\/index.php\/nos-offres\/coaching-professionnel-personnel\/","title":{"rendered":"Coaching professionnel et personnel"},"content":{"rendered":"\n<div class=\"wp-block-group\"><div class=\"wp-block-group__inner-container is-layout-flow wp-block-group-is-layout-flow\">\n<figure class=\"wp-block-image size-large\"><img loading=\"lazy\" decoding=\"async\" width=\"732\" height=\"489\" src=\"https:\/\/alucis.ovh\/wp-content\/uploads\/2019\/12\/Image1.jpg\" alt=\"\" class=\"wp-image-832\" srcset=\"https:\/\/alucis.ovh\/wp-content\/uploads\/2019\/12\/Image1.jpg 732w, https:\/\/alucis.ovh\/wp-content\/uploads\/2019\/12\/Image1-300x200.jpg 300w\" sizes=\"auto, (max-width: 732px) 100vw, 732px\" \/><figcaption>\u00ab\u00a0On ne fait rien d&rsquo;extraordinaire sans hommes extraordinaires et les hommes ne sont extraordinaires que s&rsquo;ils sont d\u00e9termin\u00e9s \u00e0 l&rsquo;\u00eatre.\u00a0\u00bb Charles de Gaulle<\/figcaption><\/figure>\n\n\n\n<p>Vous avez s\u00fbrement entendu de tr\u00e8s nombreuses choses sur le <strong>COACHING<\/strong>.<\/p>\n<\/div><\/div>\n\n\n\n<div class=\"wp-block-media-text alignwide\" style=\"grid-template-columns:27% auto\"><figure class=\"wp-block-media-text__media\"><img loading=\"lazy\" decoding=\"async\" width=\"579\" height=\"1024\" src=\"https:\/\/alucis.ovh\/wp-content\/uploads\/2019\/12\/2019.09.12-no-picture-579x1024.jpg\" alt=\"\" class=\"wp-image-833\" srcset=\"https:\/\/alucis.ovh\/wp-content\/uploads\/2019\/12\/2019.09.12-no-picture-579x1024.jpg 579w, https:\/\/alucis.ovh\/wp-content\/uploads\/2019\/12\/2019.09.12-no-picture-170x300.jpg 170w, https:\/\/alucis.ovh\/wp-content\/uploads\/2019\/12\/2019.09.12-no-picture-768x1358.jpg 768w, https:\/\/alucis.ovh\/wp-content\/uploads\/2019\/12\/2019.09.12-no-picture.jpg 868w\" sizes=\"auto, (max-width: 579px) 100vw, 579px\" \/><\/figure><div class=\"wp-block-media-text__content\">\n<ul class=\"wp-block-list\"><li>Peut-\u00eatre vous a-t&rsquo;on parl\u00e9 des outils, des m\u00e9thodes ou de ses grandes th\u00e9ories&#8230;<\/li><li>Peut-\u00eatre vous a-t&rsquo;on vent\u00e9 les b\u00e9n\u00e9fices que vous pourriez en tirer dans votre vie de tous les jours, dans vos relations avec les autres, dans votre cercle priv\u00e9 comme dans votre cercle professionnel&#8230;<\/li><li>Peut-\u00eatre vous a-t&rsquo;on dit que le <strong>COACHING<\/strong> demandait \u00e9galement un investissement personnel et financier important&#8230;<\/li><li>Peut-\u00eatre vous a-t&rsquo;on promis des r\u00e9sultats exceptionnels dans tous les domaines de votre vie &#8230;<\/li><\/ul>\n\n\n<\/div><\/div>\n\n\n\n<div class=\"wp-block-media-text alignwide\">\n<figure class=\"wp-block-media-text__media\">\n<div class=\"wp-block-media-text__content\">&nbsp;<\/div>\n<\/figure>\n<\/div>\n<p>Et vous qui lisez cette page, aujourd&rsquo;hui et maintenant, posez-vous cette question :<\/p>\n\n\n\n<p style=\"font-size:26px\" class=\"has-text-color has-text-align-center has-vivid-red-color\"><strong>QUE VOULEZ-VOUS VRAIMENT ?<\/strong><\/p>\n\n\n\n<div class=\"wp-block-media-text alignwide\" style=\"grid-template-columns:46% auto\"><figure class=\"wp-block-media-text__media\"><img loading=\"lazy\" decoding=\"async\" width=\"929\" height=\"1024\" src=\"https:\/\/alucis.ovh\/wp-content\/uploads\/2019\/12\/Image3-929x1024.png\" alt=\"\" class=\"wp-image-834\" srcset=\"https:\/\/alucis.ovh\/wp-content\/uploads\/2019\/12\/Image3-929x1024.png 929w, https:\/\/alucis.ovh\/wp-content\/uploads\/2019\/12\/Image3-272x300.png 272w, https:\/\/alucis.ovh\/wp-content\/uploads\/2019\/12\/Image3-768x847.png 768w, https:\/\/alucis.ovh\/wp-content\/uploads\/2019\/12\/Image3-1393x1536.png 1393w, https:\/\/alucis.ovh\/wp-content\/uploads\/2019\/12\/Image3-1320x1455.png 1320w, https:\/\/alucis.ovh\/wp-content\/uploads\/2019\/12\/Image3.png 1612w\" sizes=\"auto, (max-width: 767px) 89vw, (max-width: 1000px) 54vw, (max-width: 1071px) 543px, 580px\" \/><\/figure><div class=\"wp-block-media-text__content\">\n<ul class=\"wp-block-list\"><li>Quels probl\u00e8mes vous emp\u00eachent d&rsquo;avancer ?<\/li><li>Quelles relations vous font souffrir?<\/li><li>Quelles envies avez-vous peur d&rsquo;assouvir ?<\/li><li>Quels projets vous semblent encore inatteignables ?<\/li><li>Quelle part de vous vous emp\u00eache de vous r\u00e9aliser pleinement ?<\/li><li>De quoi avez-vous peur ?<\/li><li>Quels sont vos talents et comment les utilisez-vous ?<\/li><\/ul>\n<\/div><\/div>\n\n\n\n<div class=\"wp-block-media-text alignwide\" style=\"grid-template-columns:31% auto\"><figure class=\"wp-block-media-text__media\"><img loading=\"lazy\" decoding=\"async\" width=\"1024\" height=\"1024\" src=\"https:\/\/alucis.ovh\/wp-content\/uploads\/2019\/12\/refugees-1020263_1920-1024x1024.jpg\" alt=\"\" class=\"wp-image-835\" srcset=\"https:\/\/alucis.ovh\/wp-content\/uploads\/2019\/12\/refugees-1020263_1920-1024x1024.jpg 1024w, https:\/\/alucis.ovh\/wp-content\/uploads\/2019\/12\/refugees-1020263_1920-300x300.jpg 300w, https:\/\/alucis.ovh\/wp-content\/uploads\/2019\/12\/refugees-1020263_1920-150x150.jpg 150w, https:\/\/alucis.ovh\/wp-content\/uploads\/2019\/12\/refugees-1020263_1920-768x768.jpg 768w, https:\/\/alucis.ovh\/wp-content\/uploads\/2019\/12\/refugees-1020263_1920-1536x1536.jpg 1536w, https:\/\/alucis.ovh\/wp-content\/uploads\/2019\/12\/refugees-1020263_1920-100x100.jpg 100w, https:\/\/alucis.ovh\/wp-content\/uploads\/2019\/12\/refugees-1020263_1920-1320x1320.jpg 1320w, https:\/\/alucis.ovh\/wp-content\/uploads\/2019\/12\/refugees-1020263_1920.jpg 1920w\" sizes=\"auto, (max-width: 767px) 89vw, (max-width: 1000px) 54vw, (max-width: 1071px) 543px, 580px\" \/><\/figure><div class=\"wp-block-media-text__content\">\n<p class=\"has-normal-font-size\">Et si demain vous changiez pour devenir une meilleure version de vous-m\u00eame ? Par quoi voudriez-vous commencer ?<\/p>\n<\/div><\/div>\n\n\n\n<div class=\"wp-block-media-text alignwide\" style=\"grid-template-columns:40% auto\"><figure class=\"wp-block-media-text__media\"><img loading=\"lazy\" decoding=\"async\" width=\"828\" height=\"1024\" src=\"https:\/\/alucis.ovh\/wp-content\/uploads\/2019\/12\/Image4-828x1024.png\" alt=\"\" class=\"wp-image-836\" srcset=\"https:\/\/alucis.ovh\/wp-content\/uploads\/2019\/12\/Image4-828x1024.png 828w, https:\/\/alucis.ovh\/wp-content\/uploads\/2019\/12\/Image4-243x300.png 243w, https:\/\/alucis.ovh\/wp-content\/uploads\/2019\/12\/Image4-768x950.png 768w, https:\/\/alucis.ovh\/wp-content\/uploads\/2019\/12\/Image4.png 1124w\" sizes=\"auto, (max-width: 767px) 89vw, (max-width: 1000px) 54vw, (max-width: 1071px) 543px, 580px\" \/><\/figure><div class=\"wp-block-media-text__content\">\n<p class=\"has-text-align-center has-normal-font-size\"><strong>ALUCIS<\/strong> sera l\u00e0 pour vous accompagner dans vos r\u00e9ussites &#8230;<\/p>\n\n\n\n<p class=\"has-text-align-center has-medium-font-size\"><span style=\"color:#cf2e2e\" class=\"tadv-color\"><strong>Est-ce que cela vous tente ?<\/strong><\/span><\/p>\n\n\n\n<p class=\"has-text-align-center has-medium-font-size\"><span style=\"color:#cf2e2e\" class=\"tadv-color\"><strong>Quand commence-t&rsquo;on ?<\/strong><\/span><\/p>\n<\/div><\/div>\n","protected":false},"excerpt":{"rendered":"<p>Vous avez s\u00fbrement entendu de tr\u00e8s nombreuses choses sur le COACHING. &nbsp; Et vous qui lisez cette page, aujourd&rsquo;hui et maintenant, posez-vous cette question : QUE VOULEZ-VOUS VRAIMENT ? Quels probl\u00e8mes vous emp\u00eachent d&rsquo;avancer ? Quelles relations vous font souffrir? Quelles envies avez-vous peur d&rsquo;assouvir ? Quels projets vous semblent encore inatteignables ? Quelle part &hellip; <\/p>\n<p class=\"link-more\"><a href=\"https:\/\/alucis.ovh\/index.php\/nos-offres\/coaching-professionnel-personnel\/\" class=\"more-link\">Continuer la lecture<span class=\"screen-reader-text\"> de &laquo;&nbsp;Coaching professionnel et personnel&nbsp;&raquo;<\/span><\/a><\/p>\n","protected":false},"author":1,"featured_media":0,"parent":49,"menu_order":6,"comment_status":"closed","ping_status":"closed","template":"","meta":{"footnotes":""},"class_list":["post-187","page","type-page","status-publish","hentry"],"_links":{"self":[{"href":"https:\/\/alucis.ovh\/index.php\/wp-json\/wp\/v2\/pages\/187","targetHints":{"allow":["GET"]}}],"collection":[{"href":"https:\/\/alucis.ovh\/index.php\/wp-json\/wp\/v2\/pages"}],"about":[{"href":"https:\/\/alucis.ovh\/index.php\/wp-json\/wp\/v2\/types\/page"}],"author":[{"embeddable":true,"href":"https:\/\/alucis.ovh\/index.php\/wp-json\/wp\/v2\/users\/1"}],"replies":[{"embeddable":true,"href":"https:\/\/alucis.ovh\/index.php\/wp-json\/wp\/v2\/comments?post=187"}],"version-history":[{"count":7,"href":"https:\/\/alucis.ovh\/index.php\/wp-json\/wp\/v2\/pages\/187\/revisions"}],"predecessor-version":[{"id":882,"href":"https:\/\/alucis.ovh\/index.php\/wp-json\/wp\/v2\/pages\/187\/revisions\/882"}],"up":[{"embeddable":true,"href":"https:\/\/alucis.ovh\/index.php\/wp-json\/wp\/v2\/pages\/49"}],"wp:attachment":[{"href":"https:\/\/alucis.ovh\/index.php\/wp-json\/wp\/v2\/media?parent=187"}],"curies":[{"name":"wp","href":"https:\/\/api.w.org\/{rel}","templated":true}]}}