{"id":189,"date":"2018-08-29T15:27:48","date_gmt":"2018-08-29T13:27:48","guid":{"rendered":"http:\/\/alucis.ovh\/?page_id=189"},"modified":"2024-12-19T12:59:56","modified_gmt":"2024-12-19T11:59:56","slug":"formations","status":"publish","type":"page","link":"https:\/\/alucis.ovh\/index.php\/nos-offres\/formations\/","title":{"rendered":"Formations sur mesure"},"content":{"rendered":"<div class=\"wp-block-image\">\n<figure class=\"aligncenter size-large\"><img loading=\"lazy\" decoding=\"async\" width=\"1024\" height=\"715\" src=\"https:\/\/alucis.ovh\/wp-content\/uploads\/2019\/12\/Formation-groupe-1024x715.jpg\" alt=\"\" class=\"wp-image-850\" srcset=\"https:\/\/alucis.ovh\/wp-content\/uploads\/2019\/12\/Formation-groupe-1024x715.jpg 1024w, https:\/\/alucis.ovh\/wp-content\/uploads\/2019\/12\/Formation-groupe-300x210.jpg 300w, https:\/\/alucis.ovh\/wp-content\/uploads\/2019\/12\/Formation-groupe-768x536.jpg 768w, https:\/\/alucis.ovh\/wp-content\/uploads\/2019\/12\/Formation-groupe-1536x1073.jpg 1536w, https:\/\/alucis.ovh\/wp-content\/uploads\/2019\/12\/Formation-groupe-2048x1430.jpg 2048w, https:\/\/alucis.ovh\/wp-content\/uploads\/2019\/12\/Formation-groupe-1320x922.jpg 1320w\" sizes=\"auto, (max-width: 767px) 89vw, (max-width: 1000px) 54vw, (max-width: 1071px) 543px, 580px\" \/><\/figure>\n<\/div>\n\n\n<p>Organisme de formation*, <strong>ALUCIS<\/strong> vous accompagne dans le cadre de formations INTRA  sur mesure adapt\u00e9es aux besoins de votre structure.<\/p>\n\n\n\n<div class=\"wp-block-media-text alignwide is-stacked-on-mobile\" style=\"grid-template-columns:30% auto\"><figure class=\"wp-block-media-text__media\"><img loading=\"lazy\" decoding=\"async\" width=\"1024\" height=\"1024\" src=\"http:\/\/alucis.ovh\/wp-content\/uploads\/2019\/01\/007_04-1024x1024.jpg\" alt=\"\" class=\"wp-image-657 size-full\" srcset=\"https:\/\/alucis.ovh\/wp-content\/uploads\/2019\/01\/007_04-1024x1024.jpg 1024w, https:\/\/alucis.ovh\/wp-content\/uploads\/2019\/01\/007_04-150x150.jpg 150w, https:\/\/alucis.ovh\/wp-content\/uploads\/2019\/01\/007_04-300x300.jpg 300w, https:\/\/alucis.ovh\/wp-content\/uploads\/2019\/01\/007_04-768x768.jpg 768w, https:\/\/alucis.ovh\/wp-content\/uploads\/2019\/01\/007_04-100x100.jpg 100w, https:\/\/alucis.ovh\/wp-content\/uploads\/2019\/01\/007_04-1320x1320.jpg 1320w, https:\/\/alucis.ovh\/wp-content\/uploads\/2019\/01\/007_04.jpg 1920w\" sizes=\"auto, (max-width: 767px) 89vw, (max-width: 1000px) 54vw, (max-width: 1071px) 543px, 580px\" \/><\/figure><div class=\"wp-block-media-text__content\">\n<ul class=\"wp-block-list\">\n<li>De d\u00e9finir ensemble les actions de formation qui vous seront n\u00e9cessaires ;<\/li>\n\n\n\n<li>Une conception de modules de formation adapt\u00e9s (jeux p\u00e9dagogiques, exemples par l\u2019exp\u00e9rience\u2026) ;<\/li>\n\n\n\n<li>Des supports de formation sp\u00e9cifiques \u00e0 votre entreprise ;<\/li>\n\n\n\n<li>Une expertise en ing\u00e9nierie p\u00e9dagogique ;<\/li>\n\n\n\n<li>La disponibilit\u00e9 des formateurs par mail pour r\u00e9pondre aux questions des stagiaires pendant le mois suivant leur formation ;<\/li>\n\n\n\n<li>Une \u00e9valuation \u00e0 froid sur demande (\u00e0 3 mois ou 6 mois).<\/li>\n<\/ul>\n<\/div><\/div>\n\n\n\n<p>Nos formations peuvent \u00eatre compl\u00e9mentaires de nos missions d\u2019accompagnement et de conseil. Elles permettent de mettre en lumi\u00e8re le quoi et le pourquoi du changement d\u2019organisation.<\/p>\n\n\n<div class=\"wp-block-image\">\n<figure class=\"aligncenter is-resized\"><img loading=\"lazy\" decoding=\"async\" width=\"1024\" height=\"684\" src=\"http:\/\/alucis.ovh\/wp-content\/uploads\/2018\/08\/workshop-2209239_1920-1024x684.jpg\" alt=\"\" class=\"wp-image-404\" style=\"width:494px;height:330px\" srcset=\"https:\/\/alucis.ovh\/wp-content\/uploads\/2018\/08\/workshop-2209239_1920-1024x684.jpg 1024w, https:\/\/alucis.ovh\/wp-content\/uploads\/2018\/08\/workshop-2209239_1920-300x200.jpg 300w, https:\/\/alucis.ovh\/wp-content\/uploads\/2018\/08\/workshop-2209239_1920-768x513.jpg 768w, https:\/\/alucis.ovh\/wp-content\/uploads\/2018\/08\/workshop-2209239_1920-1320x882.jpg 1320w, https:\/\/alucis.ovh\/wp-content\/uploads\/2018\/08\/workshop-2209239_1920.jpg 1920w\" sizes=\"auto, (max-width: 767px) 89vw, (max-width: 1000px) 54vw, (max-width: 1071px) 543px, 580px\" \/><\/figure>\n<\/div>\n\n\n<h2 class=\"wp-block-heading\" id=\"alucis-en-quelques-chiffres-chiffres-arretes-au-31-12-2021\">Alucis en 2024 (chiffres arr\u00eat\u00e9s au 18\/12\/2024) :<\/h2>\n\n\n\n<ul class=\"wp-block-list\">\n<li>Actions de formations r\u00e9alis\u00e9es : 45<\/li>\n\n\n\n<li>Nombre d&rsquo;heures r\u00e9alis\u00e9es : 17405 h<\/li>\n\n\n\n<li>Nombre de b\u00e9n\u00e9ficiaires : 475<\/li>\n\n\n\n<li>Taux de satisfaction des b\u00e9n\u00e9ficiaires : 100%<\/li>\n<\/ul>\n\n\n\n<hr class=\"wp-block-separator has-css-opacity is-style-wide\"\/>\n\n\n\n<p class=\"has-text-align-center\">Nos formations INTRA peuvent \u00e9galement \u00eatre dispens\u00e9es ind\u00e9pendamment de toute intervention d\u2019accompagnement d\u2019<strong>ALUCIS<\/strong>.<\/p>\n\n\n\n<p class=\"has-text-align-center\">Leur th\u00e9matique, contenu et dur\u00e9e peuvent \u00eatre adapt\u00e9s \u00e0 vos besoins.<\/p>\n\n\n\n<p>Les dur\u00e9es, modalit\u00e9s et d\u00e9lais d&rsquo;acc\u00e8s, pr\u00e9requis, modalit\u00e9s d&rsquo;\u00e9valuation des b\u00e9n\u00e9ficiaires sont adapt\u00e9s \u00e0 vos besoins. Alucis vous communique une offre sur mesure comprenant, a minima, une convention de formation, un programme d\u00e9taill\u00e9, le r\u00e8glement int\u00e9rieur, le tarif et les modalit\u00e9s d&rsquo;acc\u00e8s aux personnes en situation de handicap.<\/p>\n\n\n\n<p>Alucis d\u00e9finit avec vous les d\u00e9lais de r\u00e9alisation de vos formations et s&rsquo;engage \u00e0 r\u00e9pondre en 48h \u00e0 toutes vos demandes relatives aux formations que vous souhaitez r\u00e9aliser.<\/p>\n\n\n\n<p>Nous restons \u00e0 votre disposition pour toute question sur nos prestations, tarifs, contenus et accessibilit\u00e9 aux personnes en situation de handicap : devis sur demande.<\/p>\n\n\n\n<p>Tarifs : A partir de 750 \u20acHT (900 \u20acTTC)\/jour de formation.<\/p>\n\n\n\n<p class=\"has-text-align-center has-vivid-red-color has-text-color\"><strong>CONTACTEZ-NOUS POUR EN SAVOIR PLUS,&nbsp;<a href=\"http:\/\/alucis.ovh\/index.php\/contacts\/\">CLIQUEZ ICI<\/a><\/strong><\/p>\n\n\n\n<hr class=\"wp-block-separator has-css-opacity is-style-wide\"\/>\n\n\n\n<p>*N\u00b0 de d\u00e9claration aupr\u00e8s de la pr\u00e9fecture de la r\u00e9gion Ile-de-France : n\u00b011910824491.<br>Cet enregistrement ne vaut pas agr\u00e9ment de l&rsquo;Etat.\u00a0\u00bb<\/p>\n\n\n\n<p>Le r\u00e8glement int\u00e9rieur s\u2019appliquant \u00e0 nos formations est t\u00e9l\u00e9chargeable <strong><a href=\"http:\/\/alucis.ovh\/wp-content\/uploads\/2019\/01\/Reglement-interieur-Alucis.pdf\">ICI<\/a><\/strong>.<\/p>\n\n\n<div class=\"wp-block-image\">\n<figure class=\"aligncenter\"><img loading=\"lazy\" decoding=\"async\" width=\"1024\" height=\"362\" src=\"http:\/\/alucis.ovh\/wp-content\/uploads\/2019\/01\/postit-1975188_1920-1024x362.png\" alt=\"\" class=\"wp-image-750\" srcset=\"https:\/\/alucis.ovh\/wp-content\/uploads\/2019\/01\/postit-1975188_1920-1024x362.png 1024w, https:\/\/alucis.ovh\/wp-content\/uploads\/2019\/01\/postit-1975188_1920-300x106.png 300w, https:\/\/alucis.ovh\/wp-content\/uploads\/2019\/01\/postit-1975188_1920-768x271.png 768w, https:\/\/alucis.ovh\/wp-content\/uploads\/2019\/01\/postit-1975188_1920-1320x466.png 1320w, https:\/\/alucis.ovh\/wp-content\/uploads\/2019\/01\/postit-1975188_1920.png 1920w\" sizes=\"auto, (max-width: 767px) 89vw, (max-width: 1000px) 54vw, (max-width: 1071px) 543px, 580px\" \/><\/figure>\n<\/div>\n\n\n<h2 class=\"wp-block-heading\" id=\"exemples-de-formations-intra-pouvant-etre-dispensees\">Exemples de formations INTRA pouvant \u00eatre dispens\u00e9es :<\/h2>\n\n\n\n<div class=\"wp-block-media-text alignwide is-stacked-on-mobile\" style=\"grid-template-columns:27% auto\"><figure class=\"wp-block-media-text__media\"><img loading=\"lazy\" decoding=\"async\" width=\"1024\" height=\"768\" src=\"http:\/\/alucis.ovh\/wp-content\/uploads\/2018\/08\/quality-1050884_1920-1024x768.jpg\" alt=\"\" class=\"wp-image-364 size-full\" srcset=\"https:\/\/alucis.ovh\/wp-content\/uploads\/2018\/08\/quality-1050884_1920-1024x768.jpg 1024w, https:\/\/alucis.ovh\/wp-content\/uploads\/2018\/08\/quality-1050884_1920-300x225.jpg 300w, https:\/\/alucis.ovh\/wp-content\/uploads\/2018\/08\/quality-1050884_1920-768x576.jpg 768w, https:\/\/alucis.ovh\/wp-content\/uploads\/2018\/08\/quality-1050884_1920-1320x990.jpg 1320w, https:\/\/alucis.ovh\/wp-content\/uploads\/2018\/08\/quality-1050884_1920.jpg 1920w\" sizes=\"auto, (max-width: 767px) 89vw, (max-width: 1000px) 54vw, (max-width: 1071px) 543px, 580px\" \/><\/figure><div class=\"wp-block-media-text__content\">\n<h2 class=\"wp-block-heading\" id=\"qualite\">Qualit\u00e9 :<\/h2>\n\n\n\n<ul class=\"wp-block-list\">\n<li>Initiation aux normes ISO 9001 v 2015  ;<\/li>\n\n\n\n<li>Initiation \u00e0 la Qualit\u00e9 ;<\/li>\n\n\n\n<li>Auditeur interne Qualit\u00e9 ;<\/li>\n\n\n\n<li>Pilote de processus ;<\/li>\n\n\n\n<li>Conna\u00eetre son organisme pour d\u00e9finir ses processus ;<\/li>\n\n\n\n<li>Mettre en \u0153uvre les outils de contr\u00f4le et de mesure pour piloter les processus \u2013 Indicateurs et tableaux de bord ;<\/li>\n\n\n\n<li>Outil d\u2019\u00e9valuation de mise en place d\u2019un syst\u00e8me de management de la Qualit\u00e9 (SMQ) ;<\/li>\n\n\n\n<li>Analyser les co\u00fbts li\u00e9s \u00e0 la qualit\u00e9 et \u00e0 la non qualit\u00e9 ;<\/li>\n\n\n\n<li>R\u00e9diger et mettre \u00e0 jour la documentation du syst\u00e8me Qualit\u00e9 ;<\/li>\n\n\n\n<li>Pr\u00e9parer et r\u00e9aliser un audit Qualit\u00e9&#8230;<\/li>\n<\/ul>\n<\/div><\/div>\n\n\n\n<div class=\"wp-block-media-text alignwide is-stacked-on-mobile\" style=\"grid-template-columns:27% auto\"><figure class=\"wp-block-media-text__media\"><img loading=\"lazy\" decoding=\"async\" width=\"807\" height=\"1024\" src=\"http:\/\/alucis.ovh\/wp-content\/uploads\/2019\/01\/003_03-807x1024.png\" alt=\"\" class=\"wp-image-645 size-full\" srcset=\"https:\/\/alucis.ovh\/wp-content\/uploads\/2019\/01\/003_03-807x1024.png 807w, https:\/\/alucis.ovh\/wp-content\/uploads\/2019\/01\/003_03-237x300.png 237w, https:\/\/alucis.ovh\/wp-content\/uploads\/2019\/01\/003_03-768x974.png 768w, https:\/\/alucis.ovh\/wp-content\/uploads\/2019\/01\/003_03-1320x1674.png 1320w, https:\/\/alucis.ovh\/wp-content\/uploads\/2019\/01\/003_03.png 1514w\" sizes=\"auto, (max-width: 767px) 89vw, (max-width: 1000px) 54vw, (max-width: 1071px) 543px, 580px\" \/><\/figure><div class=\"wp-block-media-text__content\">\n<h2 class=\"wp-block-heading\" id=\"securite\">S\u00e9curit\u00e9 :<\/h2>\n\n\n\n<ul class=\"wp-block-list\">\n<li>Initiation aux normes ISO 45001, MASE ;<\/li>\n\n\n\n<li>Initiation aux d\u00e9marches S\u00e9curit\u00e9 ;<\/li>\n\n\n\n<li>D\u00e9marches de l\u2019Evaluation des risques \u2013 Document unique ;<\/li>\n\n\n\n<li>Indicateurs et tableaux de bords ;<\/li>\n\n\n\n<li>Auditeur interne S\u00e9curit\u00e9 ;<\/li>\n\n\n\n<li>Gestion des accidents de travail&#8230;<\/li>\n<\/ul>\n<\/div><\/div>\n\n\n\n<div class=\"wp-block-media-text alignwide is-stacked-on-mobile\" style=\"grid-template-columns:28% auto\"><figure class=\"wp-block-media-text__media\"><img loading=\"lazy\" decoding=\"async\" width=\"780\" height=\"1024\" src=\"http:\/\/alucis.ovh\/wp-content\/uploads\/2019\/01\/003_04-780x1024.png\" alt=\"\" class=\"wp-image-646 size-full\" srcset=\"https:\/\/alucis.ovh\/wp-content\/uploads\/2019\/01\/003_04-780x1024.png 780w, https:\/\/alucis.ovh\/wp-content\/uploads\/2019\/01\/003_04-229x300.png 229w, https:\/\/alucis.ovh\/wp-content\/uploads\/2019\/01\/003_04-768x1008.png 768w, https:\/\/alucis.ovh\/wp-content\/uploads\/2019\/01\/003_04-1320x1732.png 1320w, https:\/\/alucis.ovh\/wp-content\/uploads\/2019\/01\/003_04.png 1463w\" sizes=\"auto, (max-width: 767px) 89vw, (max-width: 1000px) 54vw, (max-width: 1071px) 543px, 580px\" \/><\/figure><div class=\"wp-block-media-text__content\">\n<h2 class=\"wp-block-heading\" id=\"environnement\">Environnement :<\/h2>\n\n\n\n<ul class=\"wp-block-list\">\n<li>Initiation \u00e0 la norme ISO 14001 ;<\/li>\n\n\n\n<li>L\u2019analyse environnementale ;<\/li>\n\n\n\n<li>Indicateurs et tableaux de bords ;<\/li>\n\n\n\n<li>Audit interne Environnement &#8230;<\/li>\n<\/ul>\n<\/div><\/div>\n\n\n\n<div class=\"wp-block-media-text alignwide is-stacked-on-mobile\" style=\"grid-template-columns:29% auto\"><figure class=\"wp-block-media-text__media\"><img loading=\"lazy\" decoding=\"async\" width=\"817\" height=\"362\" src=\"http:\/\/alucis.ovh\/wp-content\/uploads\/2019\/01\/QSE.jpg\" alt=\"\" class=\"wp-image-647 size-full\" srcset=\"https:\/\/alucis.ovh\/wp-content\/uploads\/2019\/01\/QSE.jpg 817w, https:\/\/alucis.ovh\/wp-content\/uploads\/2019\/01\/QSE-300x133.jpg 300w, https:\/\/alucis.ovh\/wp-content\/uploads\/2019\/01\/QSE-768x340.jpg 768w\" sizes=\"auto, (max-width: 767px) 89vw, (max-width: 1000px) 54vw, (max-width: 1071px) 543px, 580px\" \/><\/figure><div class=\"wp-block-media-text__content\">\n<h2 class=\"wp-block-heading\" id=\"qse-systeme-de-management-integre\">QSE &#8211; Syst\u00e8me de management int\u00e9gr\u00e9<\/h2>\n\n\n\n<ul class=\"wp-block-list\">\n<li>Analyse strat\u00e9gique ;<\/li>\n\n\n\n<li>Culture QSE ;<\/li>\n\n\n\n<li>Formation aux syst\u00e8mes de management int\u00e9gr\u00e9s QSE (Qualit\u00e9, S\u00e9curit\u00e9, Environnement) sur la base des r\u00e9f\u00e9rentiels ISO 9001 v2015, ISO 14001 v2015, ISO 45001 v2018 ;<\/li>\n\n\n\n<li>Indicateurs et tableaux de bords ;<\/li>\n\n\n\n<li>Auditeur interne QSE ;<\/li>\n\n\n\n<li>M\u00e9thodes et outils d&rsquo;analyse de r\u00e9solution de probl\u00e8me (MARP \/ MRP)&#8230;<\/li>\n<\/ul>\n<\/div><\/div>\n\n\n\n<div class=\"wp-block-media-text alignwide is-stacked-on-mobile\" style=\"grid-template-columns:31% auto\"><figure class=\"wp-block-media-text__media\"><img loading=\"lazy\" decoding=\"async\" width=\"406\" height=\"400\" src=\"https:\/\/alucis.ovh\/wp-content\/uploads\/2019\/12\/007_09.jpg\" alt=\"\" class=\"wp-image-842 size-full\" srcset=\"https:\/\/alucis.ovh\/wp-content\/uploads\/2019\/12\/007_09.jpg 406w, https:\/\/alucis.ovh\/wp-content\/uploads\/2019\/12\/007_09-300x296.jpg 300w, https:\/\/alucis.ovh\/wp-content\/uploads\/2019\/12\/007_09-100x100.jpg 100w\" sizes=\"auto, (max-width: 406px) 100vw, 406px\" \/><\/figure><div class=\"wp-block-media-text__content\">\n<h2 class=\"wp-block-heading\" id=\"ressources-humaines\">Ressources Humaines<\/h2>\n\n\n\n<ul class=\"wp-block-list\">\n<li>Le recrutement digital ;<\/li>\n\n\n\n<li>Evolution du r\u00f4le de la fonction RH ;<\/li>\n\n\n\n<li>Recruter, int\u00e9grer et fid\u00e9liser les talents et leurs comp\u00e9tences ;<\/li>\n\n\n\n<li>Ma\u00eetriser le cadre l\u00e9gal de la Formation Professionnelle Continue ;<\/li>\n\n\n\n<li>Comprendre la Formation Professionnelle Continue ;<\/li>\n\n\n\n<li>Cr\u00e9er et mettre en oeuvre le Plan de D\u00e9veloppement des Comp\u00e9tences ;<\/li>\n\n\n\n<li>Devenir auditeur (sp\u00e9cial organismes de formation \/ OPAC) &#8230;<\/li>\n<\/ul>\n\n\n\n<p>Pour toute autre th\u00e9matique de formation, merci de nous consulter pour un devis et un programme personnalis\u00e9.<\/p>\n<\/div><\/div>\n\n\n\n<p style=\"text-align: left;\"><img loading=\"lazy\" decoding=\"async\" class=\"alignleft  wp-image-954\" src=\"https:\/\/alucis.ovh\/wp-content\/uploads\/2021\/03\/handicap-1173331_1280-300x297.jpg\" alt=\"Handi'Form\" width=\"92\" height=\"91\" srcset=\"https:\/\/alucis.ovh\/wp-content\/uploads\/2021\/03\/handicap-1173331_1280-300x297.jpg 300w, https:\/\/alucis.ovh\/wp-content\/uploads\/2021\/03\/handicap-1173331_1280-1024x1014.jpg 1024w, https:\/\/alucis.ovh\/wp-content\/uploads\/2021\/03\/handicap-1173331_1280-150x150.jpg 150w, https:\/\/alucis.ovh\/wp-content\/uploads\/2021\/03\/handicap-1173331_1280-768x761.jpg 768w, https:\/\/alucis.ovh\/wp-content\/uploads\/2021\/03\/handicap-1173331_1280-100x100.jpg 100w, https:\/\/alucis.ovh\/wp-content\/uploads\/2021\/03\/handicap-1173331_1280.jpg 1280w\" sizes=\"auto, (max-width: 92px) 100vw, 92px\" \/>Toutes nos formations sont accessibles aux personnes en situation de handicap.<br>Pour toute demande relative \u00e0 ce sujet, merci de nous contacter \u00e0 : contact@alucis.ovh ou en utilisant le <a href=\"https:\/\/alucis.ovh\/index.php\/contacts\/\">FORMULAIRE<\/a> pr\u00e9sent sur notre site.<\/p>\n\n\n","protected":false},"excerpt":{"rendered":"<p>Organisme de formation*, ALUCIS vous accompagne dans le cadre de formations INTRA sur mesure adapt\u00e9es aux besoins de votre structure. Nos formations peuvent \u00eatre compl\u00e9mentaires de nos missions d\u2019accompagnement et de conseil. Elles permettent de mettre en lumi\u00e8re le quoi et le pourquoi du changement d\u2019organisation. Alucis en 2024 (chiffres arr\u00eat\u00e9s au 18\/12\/2024) : Nos &hellip; <\/p>\n<p class=\"link-more\"><a href=\"https:\/\/alucis.ovh\/index.php\/nos-offres\/formations\/\" class=\"more-link\">Continuer la lecture<span class=\"screen-reader-text\"> de &laquo;&nbsp;Formations sur mesure&nbsp;&raquo;<\/span><\/a><\/p>\n","protected":false},"author":1,"featured_media":0,"parent":49,"menu_order":3,"comment_status":"closed","ping_status":"closed","template":"","meta":{"footnotes":""},"class_list":["post-189","page","type-page","status-publish","hentry"],"_links":{"self":[{"href":"https:\/\/alucis.ovh\/index.php\/wp-json\/wp\/v2\/pages\/189","targetHints":{"allow":["GET"]}}],"collection":[{"href":"https:\/\/alucis.ovh\/index.php\/wp-json\/wp\/v2\/pages"}],"about":[{"href":"https:\/\/alucis.ovh\/index.php\/wp-json\/wp\/v2\/types\/page"}],"author":[{"embeddable":true,"href":"https:\/\/alucis.ovh\/index.php\/wp-json\/wp\/v2\/users\/1"}],"replies":[{"embeddable":true,"href":"https:\/\/alucis.ovh\/index.php\/wp-json\/wp\/v2\/comments?post=189"}],"version-history":[{"count":32,"href":"https:\/\/alucis.ovh\/index.php\/wp-json\/wp\/v2\/pages\/189\/revisions"}],"predecessor-version":[{"id":1087,"href":"https:\/\/alucis.ovh\/index.php\/wp-json\/wp\/v2\/pages\/189\/revisions\/1087"}],"up":[{"embeddable":true,"href":"https:\/\/alucis.ovh\/index.php\/wp-json\/wp\/v2\/pages\/49"}],"wp:attachment":[{"href":"https:\/\/alucis.ovh\/index.php\/wp-json\/wp\/v2\/media?parent=189"}],"curies":[{"name":"wp","href":"https:\/\/api.w.org\/{rel}","templated":true}]}}