{"id":196,"date":"2018-08-29T15:33:52","date_gmt":"2018-08-29T13:33:52","guid":{"rendered":"http:\/\/alucis.ovh\/?page_id=196"},"modified":"2019-12-22T20:55:05","modified_gmt":"2019-12-22T19:55:05","slug":"externalisation-de-la-fonction-qse","status":"publish","type":"page","link":"https:\/\/alucis.ovh\/index.php\/nos-offres\/externalisation-de-la-fonction-qse\/","title":{"rendered":"Externalisation de la fonction QSE"},"content":{"rendered":"\n<figure class=\"wp-block-image size-large is-resized\"><img loading=\"lazy\" decoding=\"async\" src=\"https:\/\/alucis.ovh\/wp-content\/uploads\/2019\/12\/outsourcing-1024x275.jpg\" alt=\"\" class=\"wp-image-853\" width=\"767\" height=\"205\" srcset=\"https:\/\/alucis.ovh\/wp-content\/uploads\/2019\/12\/outsourcing-1024x275.jpg 1024w, https:\/\/alucis.ovh\/wp-content\/uploads\/2019\/12\/outsourcing-300x81.jpg 300w, https:\/\/alucis.ovh\/wp-content\/uploads\/2019\/12\/outsourcing-768x206.jpg 768w, https:\/\/alucis.ovh\/wp-content\/uploads\/2019\/12\/outsourcing-1536x413.jpg 1536w, https:\/\/alucis.ovh\/wp-content\/uploads\/2019\/12\/outsourcing-1320x355.jpg 1320w, https:\/\/alucis.ovh\/wp-content\/uploads\/2019\/12\/outsourcing.jpg 1920w\" sizes=\"auto, (max-width: 767px) 89vw, (max-width: 1000px) 54vw, (max-width: 1071px) 543px, 580px\" \/><\/figure>\n\n\n\n<p><strong>ALUCIS<\/strong> vous propose de g\u00e9rer votre Syst\u00e8me de management QSE.<\/p>\n\n\n\n<div class=\"wp-block-media-text alignwide\" style=\"grid-template-columns:34% auto\"><figure class=\"wp-block-media-text__media\"><img loading=\"lazy\" decoding=\"async\" width=\"960\" height=\"1024\" src=\"http:\/\/alucis.ovh\/wp-content\/uploads\/2019\/01\/005_01-960x1024.png\" alt=\"\" class=\"wp-image-676\" srcset=\"https:\/\/alucis.ovh\/wp-content\/uploads\/2019\/01\/005_01-960x1024.png 960w, https:\/\/alucis.ovh\/wp-content\/uploads\/2019\/01\/005_01-281x300.png 281w, https:\/\/alucis.ovh\/wp-content\/uploads\/2019\/01\/005_01-768x819.png 768w, https:\/\/alucis.ovh\/wp-content\/uploads\/2019\/01\/005_01.png 1200w\" sizes=\"auto, (max-width: 767px) 89vw, (max-width: 1000px) 54vw, (max-width: 1071px) 543px, 580px\" \/><\/figure><div class=\"wp-block-media-text__content\">\n<h2 class=\"wp-block-heading\">Vous souhaitez :<\/h2>\n\n\n\n<ul class=\"wp-block-list\"><li style=\"text-align: justify;\">Mettre en place une d\u00e9marche QSE mais vous ne savez pas vraiment comment faire ;<\/li><li style=\"text-align: justify;\">Animer et entretenir votre Syst\u00e8me de management QSE ;<\/li><li style=\"text-align: justify;\">Miser sur le QSE mais vous n\u2019avez pas la n\u00e9cessit\u00e9 ou les moyens d\u2019avoir un Responsable QSE \u00e0 plein temps ;<\/li><li style=\"text-align: justify;\">Entreprendre un projet de d\u00e9marche QSE mais vous manquez de temps ;<\/li><li style=\"text-align: justify;\">Entreprendre un projet de d\u00e9marche QSE mais vous manquez de personnel qualifi\u00e9 dans ce domaine ;<\/li><li style=\"text-align: justify;\">Faire progresser un projet important que vous n\u2019arrivez pas \u00e0 faire avancer ;<\/li><li style=\"text-align: justify;\">Motiver vos \u00e9quipes autour d\u2019un projet commun mais vous avez des difficult\u00e9s \u00e0 le faire.<\/li><\/ul>\n<\/div><\/div>\n\n\n\n<hr class=\"wp-block-separator is-style-wide\"\/>\n\n\n\n<p class=\"has-text-align-center\">Si vous r\u00e9pondez <strong>OUI<\/strong> \u00e0 l&rsquo;une de ces affirmations,<\/p>\n\n\n\n<p class=\"has-text-color has-text-align-center has-vivid-red-color\"><strong>CONTACTEZ-NOUS POUR EN SAVOIR PLUS,&nbsp;<a href=\"http:\/\/alucis.ovh\/index.php\/contacts\/\">CLIQUEZ ICI<\/a><\/strong><\/p>\n\n\n\n<hr class=\"wp-block-separator is-style-wide\"\/>\n\n\n\n<div class=\"wp-block-media-text alignwide\" style=\"grid-template-columns:49% auto\"><figure class=\"wp-block-media-text__media\"><img loading=\"lazy\" decoding=\"async\" width=\"1024\" height=\"683\" src=\"http:\/\/alucis.ovh\/wp-content\/uploads\/2019\/01\/005-04-1024x683.jpg\" alt=\"\" class=\"wp-image-677\" srcset=\"https:\/\/alucis.ovh\/wp-content\/uploads\/2019\/01\/005-04-1024x683.jpg 1024w, https:\/\/alucis.ovh\/wp-content\/uploads\/2019\/01\/005-04-300x200.jpg 300w, https:\/\/alucis.ovh\/wp-content\/uploads\/2019\/01\/005-04-768x512.jpg 768w, https:\/\/alucis.ovh\/wp-content\/uploads\/2019\/01\/005-04-1320x880.jpg 1320w, https:\/\/alucis.ovh\/wp-content\/uploads\/2019\/01\/005-04.jpg 1920w\" sizes=\"auto, (max-width: 767px) 89vw, (max-width: 1000px) 54vw, (max-width: 1071px) 543px, 580px\" \/><\/figure><div class=\"wp-block-media-text__content\">\n<p>Et si vous optiez pour un responsable QSE externalis\u00e9 ! Un consultant exp\u00e9riment\u00e9 se d\u00e9place dans votre entreprise \u00e0 temps partiel en fonction de vos besoins.<\/p>\n\n\n\n<p><strong>ALUCIS<\/strong> vous accompagne dans le suivi et l\u2019am\u00e9lioration de votre Syst\u00e8me de management via des outils \u00e9prouv\u00e9s (audits, logiciel QSE, indicateurs, outils de suivi\u2026) ainsi que dans vos actions de d\u00e9marche QSE (certification ISO 9001, ISO 14001, ISO 18001, OHSAS 45001, MASE, QUALIFOUDR, Qualiopi, projets QSE \u2026).<\/p>\n<\/div><\/div>\n\n\n\n<figure class=\"wp-block-image size-large\"><img loading=\"lazy\" decoding=\"async\" width=\"1024\" height=\"623\" src=\"https:\/\/alucis.ovh\/wp-content\/uploads\/2019\/01\/005_02-1024x623.jpg\" alt=\"\" class=\"wp-image-678\" srcset=\"https:\/\/alucis.ovh\/wp-content\/uploads\/2019\/01\/005_02-1024x623.jpg 1024w, https:\/\/alucis.ovh\/wp-content\/uploads\/2019\/01\/005_02-300x183.jpg 300w, https:\/\/alucis.ovh\/wp-content\/uploads\/2019\/01\/005_02-768x467.jpg 768w, https:\/\/alucis.ovh\/wp-content\/uploads\/2019\/01\/005_02-1320x803.jpg 1320w, https:\/\/alucis.ovh\/wp-content\/uploads\/2019\/01\/005_02.jpg 1920w\" sizes=\"auto, (max-width: 767px) 89vw, (max-width: 1000px) 54vw, (max-width: 1071px) 543px, 580px\" \/><\/figure>\n\n\n\n<h2 class=\"wp-block-heading\"><strong>ALUCIS<\/strong> vous apporte :<\/h2>\n\n\n\n<ul class=\"wp-block-list\"><li>Une souplesse et une efficacit\u00e9 avec un accompagnement sur mesure ;<\/li><li>L\u2019assurance d\u2019une tranquillit\u00e9 d\u2019esprit pour un co\u00fbt ma\u00eetris\u00e9 ;<\/li><li>Le maintien de votre niveau de certification (ISO, MASE\u2026) ;<\/li><li>L\u2019animation et l\u2019am\u00e9lioration de votre Syst\u00e8me de management QSE.<\/li><li>La dynamisation de vos \u00e9quipes et pilotes de processus ;<\/li><li>La r\u00e9alisation de vos audits internes QSE ;<\/li><li>Son assistance lors de vos audits externes organismes et clients ;<\/li><li>Le suivi et la mesure de vos actions correctives et pr\u00e9ventives ;<\/li><li>Le recueil et l\u2019analyse de vos indicateurs QSE pertinents ;<\/li><li>Le recueil et l\u2019analyse de vos tableaux de bords QSE ;<\/li><li>Le traitement de vos non-conformit\u00e9s et la mise en place de plans d\u2019actions ;<\/li><li>L\u2019aide \u00e0 la r\u00e9daction de votre Document Unique, de votre Analyse environnementale et de l&rsquo;ensemble de votre documentation Qualit\u00e9.<\/li><\/ul>\n\n\n\n<div class=\"wp-block-media-text alignwide\" style=\"grid-template-columns:48% auto\"><figure class=\"wp-block-media-text__media\"><img loading=\"lazy\" decoding=\"async\" width=\"1024\" height=\"1024\" src=\"http:\/\/alucis.ovh\/wp-content\/uploads\/2019\/01\/007_04-1024x1024.jpg\" alt=\"\" class=\"wp-image-657\" srcset=\"https:\/\/alucis.ovh\/wp-content\/uploads\/2019\/01\/007_04-1024x1024.jpg 1024w, https:\/\/alucis.ovh\/wp-content\/uploads\/2019\/01\/007_04-150x150.jpg 150w, https:\/\/alucis.ovh\/wp-content\/uploads\/2019\/01\/007_04-300x300.jpg 300w, https:\/\/alucis.ovh\/wp-content\/uploads\/2019\/01\/007_04-768x768.jpg 768w, https:\/\/alucis.ovh\/wp-content\/uploads\/2019\/01\/007_04-100x100.jpg 100w, https:\/\/alucis.ovh\/wp-content\/uploads\/2019\/01\/007_04-1320x1320.jpg 1320w, https:\/\/alucis.ovh\/wp-content\/uploads\/2019\/01\/007_04.jpg 1920w\" sizes=\"auto, (max-width: 767px) 89vw, (max-width: 1000px) 54vw, (max-width: 1071px) 543px, 580px\" \/><\/figure><div class=\"wp-block-media-text__content\">\n<ul class=\"wp-block-list\"><li style=\"text-align: justify;\">Une comp\u00e9tence et une expertise reconnues ;<\/li><li style=\"text-align: justify;\">Une souplesse \/ r\u00e9activit\u00e9 \/ flexibilit\u00e9 ;<\/li><li style=\"text-align: justify;\">Un regard ext\u00e9rieur sur votre organisation ;<\/li><li style=\"text-align: justify;\">Des propositions d\u2019am\u00e9lioration QSE.<\/li><\/ul>\n<\/div><\/div>\n\n\n\n<div class=\"wp-block-media-text alignwide\" style=\"grid-template-columns:21% auto\"><figure class=\"wp-block-media-text__media\"><img loading=\"lazy\" decoding=\"async\" width=\"1024\" height=\"916\" src=\"http:\/\/alucis.ovh\/wp-content\/uploads\/2019\/01\/005_04-1024x916.png\" alt=\"\" class=\"wp-image-679\" srcset=\"https:\/\/alucis.ovh\/wp-content\/uploads\/2019\/01\/005_04-1024x916.png 1024w, https:\/\/alucis.ovh\/wp-content\/uploads\/2019\/01\/005_04-300x268.png 300w, https:\/\/alucis.ovh\/wp-content\/uploads\/2019\/01\/005_04-768x687.png 768w, https:\/\/alucis.ovh\/wp-content\/uploads\/2019\/01\/005_04-1320x1180.png 1320w, https:\/\/alucis.ovh\/wp-content\/uploads\/2019\/01\/005_04.png 1920w\" sizes=\"auto, (max-width: 767px) 89vw, (max-width: 1000px) 54vw, (max-width: 1071px) 543px, 580px\" \/><\/figure><div class=\"wp-block-media-text__content\">\n<p class=\"has-text-color has-vivid-red-color\"><strong>Cette solution d\u2019externalisation de la d\u00e9marche QSE n\u2019est efficace que si notre consultant est soutenu et appuy\u00e9 par la Direction de votre entreprise.<\/strong><\/p>\n<\/div><\/div>\n","protected":false},"excerpt":{"rendered":"<p>ALUCIS vous propose de g\u00e9rer votre Syst\u00e8me de management QSE. Vous souhaitez : Mettre en place une d\u00e9marche QSE mais vous ne savez pas vraiment comment faire ; Animer et entretenir votre Syst\u00e8me de management QSE ; Miser sur le QSE mais vous n\u2019avez pas la n\u00e9cessit\u00e9 ou les moyens d\u2019avoir un Responsable QSE \u00e0 &hellip; <\/p>\n<p class=\"link-more\"><a href=\"https:\/\/alucis.ovh\/index.php\/nos-offres\/externalisation-de-la-fonction-qse\/\" class=\"more-link\">Continuer la lecture<span class=\"screen-reader-text\"> de &laquo;&nbsp;Externalisation de la fonction QSE&nbsp;&raquo;<\/span><\/a><\/p>\n","protected":false},"author":1,"featured_media":0,"parent":49,"menu_order":5,"comment_status":"closed","ping_status":"closed","template":"","meta":{"footnotes":""},"class_list":["post-196","page","type-page","status-publish","hentry"],"_links":{"self":[{"href":"https:\/\/alucis.ovh\/index.php\/wp-json\/wp\/v2\/pages\/196","targetHints":{"allow":["GET"]}}],"collection":[{"href":"https:\/\/alucis.ovh\/index.php\/wp-json\/wp\/v2\/pages"}],"about":[{"href":"https:\/\/alucis.ovh\/index.php\/wp-json\/wp\/v2\/types\/page"}],"author":[{"embeddable":true,"href":"https:\/\/alucis.ovh\/index.php\/wp-json\/wp\/v2\/users\/1"}],"replies":[{"embeddable":true,"href":"https:\/\/alucis.ovh\/index.php\/wp-json\/wp\/v2\/comments?post=196"}],"version-history":[{"count":15,"href":"https:\/\/alucis.ovh\/index.php\/wp-json\/wp\/v2\/pages\/196\/revisions"}],"predecessor-version":[{"id":880,"href":"https:\/\/alucis.ovh\/index.php\/wp-json\/wp\/v2\/pages\/196\/revisions\/880"}],"up":[{"embeddable":true,"href":"https:\/\/alucis.ovh\/index.php\/wp-json\/wp\/v2\/pages\/49"}],"wp:attachment":[{"href":"https:\/\/alucis.ovh\/index.php\/wp-json\/wp\/v2\/media?parent=196"}],"curies":[{"name":"wp","href":"https:\/\/api.w.org\/{rel}","templated":true}]}}