{"id":23,"date":"2018-05-01T16:53:37","date_gmt":"2018-05-01T14:53:37","guid":{"rendered":"http:\/\/alucis.ovh\/?page_id=23"},"modified":"2022-03-18T11:26:58","modified_gmt":"2022-03-18T10:26:58","slug":"accueil","status":"publish","type":"page","link":"https:\/\/alucis.ovh\/","title":{"rendered":"Accueil"},"content":{"rendered":"\n<div class=\"wp-block-image\"><figure class=\"aligncenter is-resized\"><img loading=\"lazy\" decoding=\"async\" src=\"http:\/\/alucis.ovh\/wp-content\/uploads\/2018\/05\/LOGO-ALUCIS-CONSEILS-Couleurs-INPI-D\u00e9tour\u00e9.png\" alt=\"\" class=\"wp-image-108\" width=\"326\" height=\"116\" srcset=\"https:\/\/alucis.ovh\/wp-content\/uploads\/2018\/05\/LOGO-ALUCIS-CONSEILS-Couleurs-INPI-D\u00e9tour\u00e9.png 999w, https:\/\/alucis.ovh\/wp-content\/uploads\/2018\/05\/LOGO-ALUCIS-CONSEILS-Couleurs-INPI-D\u00e9tour\u00e9-300x107.png 300w, https:\/\/alucis.ovh\/wp-content\/uploads\/2018\/05\/LOGO-ALUCIS-CONSEILS-Couleurs-INPI-D\u00e9tour\u00e9-768x274.png 768w\" sizes=\"auto, (max-width: 326px) 100vw, 326px\" \/><\/figure><\/div>\n\n\n\n<h2 class=\"has-text-align-center wp-block-heading\"><strong>Cabinet de Conseil, Coaching et Formation, sp\u00e9cialis\u00e9 en Qualit\u00e9, S\u00e9curit\u00e9 et Environnement<\/strong>, <strong>Formation professionnelle<\/strong><\/h2>\n\n\n\n<p>Nos consultants vous accompagnent dans les domaines Qualit\u00e9, S\u00e9curit\u00e9, Environnement (QSE) et Formation professionnelle avec plus de 20 ans d&rsquo;exp\u00e9rience chacun.<\/p>\n\n\n\n<p>Fort de son exp\u00e9rience aupr\u00e8s des TPE-PME et des grands groupes, <strong>ALUCIS<\/strong> vous conseille et vous accompagne dans vos projets QSE et formation.<\/p>\n\n\n\n<p>Au travers de nos prestations, nous permettons \u00e0 nos clients de d\u00e9tecter et de mettre en oeuvre les leviers d&rsquo;optimisation et d&rsquo;am\u00e9lioration de leur performance QSE et formation.<\/p>\n\n\n\n<p>Nos domaines d&rsquo;intervention sont vari\u00e9s et r\u00e9pondront forc\u00e9ment \u00e0 vos attentes.<\/p>\n\n\n\n<div class=\"wp-block-media-text alignwide is-stacked-on-mobile\" style=\"grid-template-columns:46% auto\"><figure class=\"wp-block-media-text__media\"><img loading=\"lazy\" decoding=\"async\" width=\"1024\" height=\"1024\" src=\"http:\/\/alucis.ovh\/wp-content\/uploads\/2019\/01\/007_04-1024x1024.jpg\" alt=\"\" class=\"wp-image-657 size-full\" srcset=\"https:\/\/alucis.ovh\/wp-content\/uploads\/2019\/01\/007_04-1024x1024.jpg 1024w, https:\/\/alucis.ovh\/wp-content\/uploads\/2019\/01\/007_04-150x150.jpg 150w, https:\/\/alucis.ovh\/wp-content\/uploads\/2019\/01\/007_04-300x300.jpg 300w, https:\/\/alucis.ovh\/wp-content\/uploads\/2019\/01\/007_04-768x768.jpg 768w, https:\/\/alucis.ovh\/wp-content\/uploads\/2019\/01\/007_04-100x100.jpg 100w, https:\/\/alucis.ovh\/wp-content\/uploads\/2019\/01\/007_04-1320x1320.jpg 1320w, https:\/\/alucis.ovh\/wp-content\/uploads\/2019\/01\/007_04.jpg 1920w\" sizes=\"auto, (max-width: 767px) 89vw, (max-width: 1000px) 54vw, (max-width: 1071px) 543px, 580px\" \/><\/figure><div class=\"wp-block-media-text__content\">\n<ul class=\"wp-block-list\"><li>De vous apporter les ressources (conseils, m\u00e9thodes, informations, outils) n\u00e9cessaires pour mettre en place, faire vivre, g\u00e9rer et am\u00e9liorer votre Syst\u00e8me de Management ;<\/li><li>De vous mettre \u00e0 disposition l&rsquo;expertise n\u00e9cessaire dans vos projets ;<\/li><li>De vous permettre de faire \u00e9voluer vos pratiques manag\u00e9riales pour am\u00e9liorer vos performances QSE ;<\/li><li>De vous mettre \u00e0 disposition des formations sur mesure ;<\/li><li>De vous accompagner, si vous le souhaitiez, dans vos projets de coaching en d\u00e9veloppement professionnel et personnel (individuel et\/ou collectif).<\/li><\/ul>\n<\/div><\/div>\n\n\n","protected":false},"excerpt":{"rendered":"<p>Cabinet de Conseil, Coaching et Formation, sp\u00e9cialis\u00e9 en Qualit\u00e9, S\u00e9curit\u00e9 et Environnement, Formation professionnelle Nos consultants vous accompagnent dans les domaines Qualit\u00e9, S\u00e9curit\u00e9, Environnement (QSE) et Formation professionnelle avec plus de 20 ans d&rsquo;exp\u00e9rience chacun. Fort de son exp\u00e9rience aupr\u00e8s des TPE-PME et des grands groupes, ALUCIS vous conseille et vous accompagne dans vos projets &hellip; <\/p>\n<p class=\"link-more\"><a href=\"https:\/\/alucis.ovh\/\" class=\"more-link\">Continuer la lecture<span class=\"screen-reader-text\"> de &laquo;&nbsp;Accueil&nbsp;&raquo;<\/span><\/a><\/p>\n","protected":false},"author":1,"featured_media":836,"parent":0,"menu_order":0,"comment_status":"closed","ping_status":"closed","template":"","meta":{"footnotes":""},"class_list":["post-23","page","type-page","status-publish","has-post-thumbnail","hentry"],"_links":{"self":[{"href":"https:\/\/alucis.ovh\/index.php\/wp-json\/wp\/v2\/pages\/23","targetHints":{"allow":["GET"]}}],"collection":[{"href":"https:\/\/alucis.ovh\/index.php\/wp-json\/wp\/v2\/pages"}],"about":[{"href":"https:\/\/alucis.ovh\/index.php\/wp-json\/wp\/v2\/types\/page"}],"author":[{"embeddable":true,"href":"https:\/\/alucis.ovh\/index.php\/wp-json\/wp\/v2\/users\/1"}],"replies":[{"embeddable":true,"href":"https:\/\/alucis.ovh\/index.php\/wp-json\/wp\/v2\/comments?post=23"}],"version-history":[{"count":40,"href":"https:\/\/alucis.ovh\/index.php\/wp-json\/wp\/v2\/pages\/23\/revisions"}],"predecessor-version":[{"id":962,"href":"https:\/\/alucis.ovh\/index.php\/wp-json\/wp\/v2\/pages\/23\/revisions\/962"}],"wp:featuredmedia":[{"embeddable":true,"href":"https:\/\/alucis.ovh\/index.php\/wp-json\/wp\/v2\/media\/836"}],"wp:attachment":[{"href":"https:\/\/alucis.ovh\/index.php\/wp-json\/wp\/v2\/media?parent=23"}],"curies":[{"name":"wp","href":"https:\/\/api.w.org\/{rel}","templated":true}]}}