{"id":49,"date":"2018-05-01T17:32:50","date_gmt":"2018-05-01T15:32:50","guid":{"rendered":"http:\/\/alucis.ovh\/?page_id=49"},"modified":"2023-12-04T23:06:37","modified_gmt":"2023-12-04T22:06:37","slug":"nos-offres","status":"publish","type":"page","link":"https:\/\/alucis.ovh\/index.php\/nos-offres\/","title":{"rendered":"Vos projets"},"content":{"rendered":"\n<p>Que vous souhaitiez vous faire certifier ou non, <strong>ALUCIS<\/strong> vous accompagne dans vos projets QSE, formation, audit et\/ou coaching professionnel et personnel :<\/p>\n\n\n\n<div class=\"wp-block-media-text alignwide\" style=\"grid-template-columns:33% auto\"><figure class=\"wp-block-media-text__media\"><img loading=\"lazy\" decoding=\"async\" width=\"263\" height=\"263\" src=\"http:\/\/alucis.ovh\/wp-content\/uploads\/2019\/01\/6-Coaching-1.jpg\" alt=\"\" class=\"wp-image-591 size-full\" srcset=\"https:\/\/alucis.ovh\/wp-content\/uploads\/2019\/01\/6-Coaching-1.jpg 263w, https:\/\/alucis.ovh\/wp-content\/uploads\/2019\/01\/6-Coaching-1-150x150.jpg 150w, https:\/\/alucis.ovh\/wp-content\/uploads\/2019\/01\/6-Coaching-1-100x100.jpg 100w\" sizes=\"auto, (max-width: 263px) 100vw, 263px\" \/><\/figure><div class=\"wp-block-media-text__content\">\n<p><strong>ALUCIS<\/strong> vous propose un accompagnement Coaching personnalis\u00e9 assur\u00e9 par un coach certifi\u00e9. Coaching individuel ou collectif, faites appel \u00e0 nous pour le d\u00e9veloppement personnel et manag\u00e9rial de vos \u00e9quipes.<\/p>\n\n\n\n<p class=\"has-text-align-center\"><a href=\"http:\/\/alucis.ovh\/?page_id=187\">Pour en savoir plus, cliquez ici<\/a><\/p>\n<\/div><\/div>\n\n\n\n<div class=\"wp-block-media-text alignwide\" style=\"grid-template-columns:34% auto\"><figure class=\"wp-block-media-text__media\"><img loading=\"lazy\" decoding=\"async\" width=\"1024\" height=\"1024\" src=\"https:\/\/alucis.ovh\/wp-content\/uploads\/2023\/12\/LOGO-Certification-1024x1024.jpg\" alt=\"\" class=\"wp-image-1066 size-full\" srcset=\"https:\/\/alucis.ovh\/wp-content\/uploads\/2023\/12\/LOGO-Certification-1024x1024.jpg 1024w, https:\/\/alucis.ovh\/wp-content\/uploads\/2023\/12\/LOGO-Certification-300x300.jpg 300w, https:\/\/alucis.ovh\/wp-content\/uploads\/2023\/12\/LOGO-Certification-150x150.jpg 150w, https:\/\/alucis.ovh\/wp-content\/uploads\/2023\/12\/LOGO-Certification-768x768.jpg 768w, https:\/\/alucis.ovh\/wp-content\/uploads\/2023\/12\/LOGO-Certification-1536x1536.jpg 1536w, https:\/\/alucis.ovh\/wp-content\/uploads\/2023\/12\/LOGO-Certification-100x100.jpg 100w, https:\/\/alucis.ovh\/wp-content\/uploads\/2023\/12\/LOGO-Certification.jpg 2000w\" sizes=\"auto, (max-width: 767px) 89vw, (max-width: 1000px) 54vw, (max-width: 1071px) 543px, 580px\" \/><\/figure><div class=\"wp-block-media-text__content\">\n<p>Initier, d\u00e9velopper ou maintenir une d\u00e9marche Qualit\u00e9, S\u00e9curit\u00e9, Environnement et Formation (Qualiopi) dans votre entreprise.<\/p>\n\n\n\n<p class=\"has-text-align-center\"><a href=\"http:\/\/alucis.ovh\/index.php\/nos-offres\/demarches-qualite-securite-environnement\/\">Pour en savoir plus, cliquez ici<\/a><\/p>\n\n\n\n<p>Projets de certification (initiale ou renouvellement) selon les r\u00e9f\u00e9rentiels ISO 9001, ISO 14001, ISO 45001, MASE, QUALIOPI\/RNQ<\/p>\n<\/div><\/div>\n\n\n\n<div class=\"wp-block-media-text alignwide\" style=\"grid-template-columns:37% auto\"><figure class=\"wp-block-media-text__media\"><img loading=\"lazy\" decoding=\"async\" width=\"1024\" height=\"895\" src=\"https:\/\/alucis.ovh\/wp-content\/uploads\/2019\/12\/faculty-979900_1920-1024x895.jpg\" alt=\"\" class=\"wp-image-827 size-full\" srcset=\"https:\/\/alucis.ovh\/wp-content\/uploads\/2019\/12\/faculty-979900_1920-1024x895.jpg 1024w, https:\/\/alucis.ovh\/wp-content\/uploads\/2019\/12\/faculty-979900_1920-300x262.jpg 300w, https:\/\/alucis.ovh\/wp-content\/uploads\/2019\/12\/faculty-979900_1920-768x671.jpg 768w, https:\/\/alucis.ovh\/wp-content\/uploads\/2019\/12\/faculty-979900_1920-1320x1154.jpg 1320w, https:\/\/alucis.ovh\/wp-content\/uploads\/2019\/12\/faculty-979900_1920.jpg 1464w\" sizes=\"auto, (max-width: 767px) 89vw, (max-width: 1000px) 54vw, (max-width: 1071px) 543px, 580px\" \/><\/figure><div class=\"wp-block-media-text__content\">\n<p>Cr\u00e9ation et animation de formation  \/ sensibilisation faites sur mesure pour votre entreprise (th\u00e9matiques QSE, audit, d\u00e9veloppement personnel, gestion des conflits, gestion du temps, coaching, co-d\u00e9veloppement&#8230;)<\/p>\n\n\n\n<p class=\"has-text-align-center\"><a href=\"http:\/\/alucis.ovh\/index.php\/nos-offres\/formations\/\">Pour en savoir plus, cliquez ici<\/a><\/p>\n<\/div><\/div>\n\n\n\n<div class=\"wp-block-media-text alignwide\" style=\"grid-template-columns:36% auto\"><figure class=\"wp-block-media-text__media\"><img loading=\"lazy\" decoding=\"async\" width=\"1024\" height=\"683\" src=\"https:\/\/alucis.ovh\/wp-content\/uploads\/2019\/12\/Audit.jpg\" alt=\"\" class=\"wp-image-828 size-full\" srcset=\"https:\/\/alucis.ovh\/wp-content\/uploads\/2019\/12\/Audit.jpg 1024w, https:\/\/alucis.ovh\/wp-content\/uploads\/2019\/12\/Audit-300x200.jpg 300w, https:\/\/alucis.ovh\/wp-content\/uploads\/2019\/12\/Audit-768x512.jpg 768w\" sizes=\"auto, (max-width: 767px) 89vw, (max-width: 1000px) 54vw, (max-width: 1071px) 543px, 580px\" \/><\/figure><div class=\"wp-block-media-text__content\">\n<p>Obtenez l&rsquo;aide d&rsquo;un auditeur certifi\u00e9 reconnu<\/p>\n\n\n\n<ul class=\"wp-block-list\">\n<li>Audit interne ;<\/li>\n\n\n\n<li>Audit blanc ;<\/li>\n\n\n\n<li>Appui dans la surveillance de la performance de vos fournisseurs et sous-traitants;<\/li>\n\n\n\n<li>Audit de syst\u00e8me de management<\/li>\n\n\n\n<li>Audit d&rsquo;organisme de formation (R\u00e9f\u00e9rentiel National Qualit\u00e9 \/ Qualiopi)<\/li>\n<\/ul>\n\n\n\n<p class=\"has-text-align-center\"><a href=\"http:\/\/alucis.ovh\/index.php\/nos-offres\/audits-internes\/\">Pour en savoir plus, cliquez ici<\/a><\/p>\n<\/div><\/div>\n\n\n\n<div class=\"wp-block-media-text alignwide\" style=\"grid-template-columns:38% auto\"><figure class=\"wp-block-media-text__media\"><img loading=\"lazy\" decoding=\"async\" width=\"1024\" height=\"519\" src=\"http:\/\/alucis.ovh\/wp-content\/uploads\/2019\/01\/5-Externalisation-QSE-1024x519.jpg\" alt=\"\" class=\"wp-image-589 size-full\" srcset=\"https:\/\/alucis.ovh\/wp-content\/uploads\/2019\/01\/5-Externalisation-QSE-1024x519.jpg 1024w, https:\/\/alucis.ovh\/wp-content\/uploads\/2019\/01\/5-Externalisation-QSE-300x152.jpg 300w, https:\/\/alucis.ovh\/wp-content\/uploads\/2019\/01\/5-Externalisation-QSE-768x390.jpg 768w, https:\/\/alucis.ovh\/wp-content\/uploads\/2019\/01\/5-Externalisation-QSE-1320x670.jpg 1320w, https:\/\/alucis.ovh\/wp-content\/uploads\/2019\/01\/5-Externalisation-QSE.jpg 1920w\" sizes=\"auto, (max-width: 767px) 89vw, (max-width: 1000px) 54vw, (max-width: 1071px) 543px, 580px\" \/><\/figure><div class=\"wp-block-media-text__content\">\n<p>Optez pour un responsable QSE externalis\u00e9 gr\u00e2ce \u00e0 un consultant qui se d\u00e9place dans votre entreprise \u00e0 temps partiel en fonction de vos besoins.<\/p>\n\n\n\n<p class=\"has-text-align-center\"><a href=\"http:\/\/alucis.ovh\/index.php\/nos-offres\/externalisation-de-la-fonction-qse\/\">Pour en savoir plus, cliquez ici<\/a><\/p>\n<\/div><\/div>\n","protected":false},"excerpt":{"rendered":"<p>Que vous souhaitiez vous faire certifier ou non, ALUCIS vous accompagne dans vos projets QSE, formation, audit et\/ou coaching professionnel et personnel : ALUCIS vous propose un accompagnement Coaching personnalis\u00e9 assur\u00e9 par un coach certifi\u00e9. Coaching individuel ou collectif, faites appel \u00e0 nous pour le d\u00e9veloppement personnel et manag\u00e9rial de vos \u00e9quipes. Pour en savoir &hellip; <\/p>\n<p class=\"link-more\"><a href=\"https:\/\/alucis.ovh\/index.php\/nos-offres\/\" class=\"more-link\">Continuer la lecture<span class=\"screen-reader-text\"> de &laquo;&nbsp;Vos projets&nbsp;&raquo;<\/span><\/a><\/p>\n","protected":false},"author":1,"featured_media":0,"parent":0,"menu_order":0,"comment_status":"closed","ping_status":"closed","template":"","meta":{"footnotes":""},"class_list":["post-49","page","type-page","status-publish","hentry"],"_links":{"self":[{"href":"https:\/\/alucis.ovh\/index.php\/wp-json\/wp\/v2\/pages\/49","targetHints":{"allow":["GET"]}}],"collection":[{"href":"https:\/\/alucis.ovh\/index.php\/wp-json\/wp\/v2\/pages"}],"about":[{"href":"https:\/\/alucis.ovh\/index.php\/wp-json\/wp\/v2\/types\/page"}],"author":[{"embeddable":true,"href":"https:\/\/alucis.ovh\/index.php\/wp-json\/wp\/v2\/users\/1"}],"replies":[{"embeddable":true,"href":"https:\/\/alucis.ovh\/index.php\/wp-json\/wp\/v2\/comments?post=49"}],"version-history":[{"count":21,"href":"https:\/\/alucis.ovh\/index.php\/wp-json\/wp\/v2\/pages\/49\/revisions"}],"predecessor-version":[{"id":1078,"href":"https:\/\/alucis.ovh\/index.php\/wp-json\/wp\/v2\/pages\/49\/revisions\/1078"}],"wp:attachment":[{"href":"https:\/\/alucis.ovh\/index.php\/wp-json\/wp\/v2\/media?parent=49"}],"curies":[{"name":"wp","href":"https:\/\/api.w.org\/{rel}","templated":true}]}}