{"id":904,"date":"2020-01-02T18:50:52","date_gmt":"2020-01-02T17:50:52","guid":{"rendered":"https:\/\/alucis.ovh\/?page_id=904"},"modified":"2020-01-25T19:09:34","modified_gmt":"2020-01-25T18:09:34","slug":"mentions-legales","status":"publish","type":"page","link":"https:\/\/alucis.ovh\/index.php\/mentions-legales\/","title":{"rendered":"Mentions l\u00e9gales"},"content":{"rendered":"\n<p>Le site alucis.ovh  est la propri\u00e9t\u00e9 de la soci\u00e9t\u00e9 ALUCIS.<\/p>\n\n\n\n<p><strong>Coordonn\u00e9es de l\u2019\u00e9diteur du site<\/strong><br>Soci\u00e9t\u00e9 par Actions Simplifi\u00e9e au capital de 2.500 \u20acuros.<\/p>\n\n\n\n<p>Si\u00e8ge social : 68 rue du Champfleuri 91800 BRUNOY<\/p>\n\n\n\n<p>Mail : contact@alucis.ovh<\/p>\n\n\n\n<p>Immatricul\u00e9 au RCS Evry : 838 870 707 00018<\/p>\n\n\n\n<p>TVA Intracommunautaire FR 95838870707<\/p>\n\n\n\n<p><strong>Directeur de la publication<\/strong><br>Alban OSSART, Pr\u00e9sident<\/p>\n\n\n\n<div class=\"wp-block-group\"><div class=\"wp-block-group__inner-container is-layout-flow wp-block-group-is-layout-flow\">\n<p><strong>Coordonn\u00e9es de l\u2019h\u00e9bergeur du site<\/strong><br> OVH  <\/p>\n\n\n\n<p>SAS au capital de 10 000 000 \u20ac RCS Roubaix \u2013 Tourcoing 424 761 419 00045<\/p>\n\n\n\n<p>Code APE 6202A &#8211; N\u00b0 TVA : FR 22 424 761 419<\/p>\n\n\n\n<p>Si\u00e8ge social : 2 rue Kellermann 59100 Roubaix &#8211; France.<\/p>\n<\/div><\/div>\n\n\n\n<p><strong>Conception graphique et technique du site<\/strong><br>ALUCIS<\/p>\n\n\n\n<p><strong>Informatique et Libert\u00e9s<\/strong><br>Conform\u00e9ment \u00e0 la loi n\u00b078-17 du 6 janvier 1978 modifi\u00e9e relative \u00e0 l&rsquo;informatique, aux fichiers et aux libert\u00e9s ainsi qu&rsquo;au R\u00e8glement europ\u00e9en sur la protection des donn\u00e9es personnelles 2016\/679 (RGPD) du 27\/07\/2016, vous pouvez exercer votre droit d&rsquo;acc\u00e8s, de rectification, d&rsquo;effacement, de limitation du traitement, de portabilit\u00e9 de vos donn\u00e9es et d\u00e9finir le sort de vos donn\u00e9es personnelles en vous adressant \u00e0 ALUCIS : contact@alucis.ovh.<\/p>\n\n\n\n<p><strong>Collecte de donn\u00e9es personnelles et cookies<\/strong><br>Nos serveurs ne sont pas configur\u00e9s pour collecter des informations personnelles sur les visiteurs du site en dehors des donn\u00e9es techniques suivantes : provenance des connexions (fournisseur d&rsquo;acc\u00e8s), adresse IP, type et version du navigateur utilis\u00e9. En aucun cas, nous ne collectons l&rsquo;adresse e-mail des visiteurs sans que ces derniers ne nous la communiquent d\u00e9lib\u00e9r\u00e9ment.<\/p>\n\n\n\n<p><strong>Propri\u00e9t\u00e9 intellectuelle et droit de reproduction<\/strong><br> L&rsquo;ensemble de ce site rel\u00e8ve de la l\u00e9gislation fran\u00e7aise et internationale sur le droit d&rsquo;auteur et la propri\u00e9t\u00e9 intellectuelle. Tous les droits de reproduction sont r\u00e9serv\u00e9s, y compris pour les documents t\u00e9l\u00e9chargeables et les repr\u00e9sentations iconographiques et photographiques.<\/p>\n\n\n\n<p>Toute repr\u00e9sentation et\/ou reproduction et\/ou exploitation partielle ou totale de ce site, par quelques proc\u00e9d\u00e9s que se soient, sans l&rsquo;autorisation expresse et pr\u00e9alable de la soci\u00e9t\u00e9 ALUCIS est interdite et constituerait une contrefa\u00e7on au sens des articles L 335-2 et suivants du code de la propri\u00e9t\u00e9 intellectuelle.<\/p>\n\n\n\n<p>Par d\u00e9rogation aux dispositions pr\u00e9c\u00e9dentes et particuli\u00e8rement pour un usage p\u00e9dagogique, la reproduction des textes de ce site sur un support papier est autoris\u00e9e, sous r\u00e9serve du respect des trois conditions suivantes :<\/p>\n\n\n\n<ul class=\"wp-block-list\"><li>gratuit\u00e9 de la diffusion,<\/li><\/ul>\n\n\n\n<ul class=\"wp-block-list\"><li>respect de l&rsquo;int\u00e9grit\u00e9 des documents reproduits : pas de modification ni alt\u00e9ration d&rsquo;aucune sorte, respect du droit d&rsquo;auteur,<\/li><\/ul>\n\n\n\n<ul class=\"wp-block-list\"><li>citation claire et lisible de la source mentionnant imp\u00e9rativement l&rsquo;adresse internet du site.<\/li><\/ul>\n\n\n\n<p>Le nom ALUCIS et son logo sont prot\u00e9g\u00e9s \u00e0 titre de marques. Toute repr\u00e9sentation et\/ou reproduction et\/ou exploitation partielle ou totale de cette marque est donc prohib\u00e9e sans l&rsquo;accord pr\u00e9alable \u00e9crit de la soci\u00e9t\u00e9 ALUCIS.<\/p>\n\n\n\n<p>Les liens hypertextes mis en oeuvre au sein du site en direction d&rsquo;autres sites et\/ou de pages personnelles et d&rsquo;une mani\u00e8re g\u00e9n\u00e9rale vers toutes ressources existantes sur internet ne sauraient engager la responsabilit\u00e9 de la soci\u00e9t\u00e9 ALUCIS.<\/p>\n\n\n\n<p>La capture d&rsquo;informations nominatives pour enrichir des bases de donn\u00e9es, par exemple \u00e0 des fins commerciales ou publicitaires, est interdite.<\/p>\n\n\n\n<p><strong>Cr\u00e9dits photographiques et vid\u00e9os<\/strong><br>Pixabay \/ ALUCIS.<\/p>\n\n\n\n<p><strong>Messagerie et envoi de courriels<\/strong><br>Les messages que vous faites parvenir par l&rsquo;interm\u00e9diaire de l&rsquo;Internet peuvent \u00eatre intercept\u00e9s sur le r\u00e9seau. Leur confidentialit\u00e9 ne peut pas \u00eatre int\u00e9gralement garantie.  Aussi, prenez garde \u00e0 ne pas divulguer inutilement des informations personnelles ou sensibles dans vos courriels. <\/p>\n\n\n\n<p><strong>D\u00e9charge de responsabilit\u00e9<\/strong><br>ALUCIS ne pourra en aucun cas \u00eatre tenu pour responsable de tout dommage de quelque nature qu&rsquo;il soit r\u00e9sultant de toute impossibilit\u00e9 d&rsquo;utilisation, d&rsquo;acc\u00e8s, de toute perte d\u00e9coulant des informations disponibles sur ce serveur et ceci quelque soit l&rsquo;origine du pr\u00e9judice. ALUCIS ne pourra en aucun cas \u00eatre tenu pour responsable de tout dommage de quelque nature qu&rsquo;il soit r\u00e9sultant de l&rsquo;interpr\u00e9tation et\/ou de l&rsquo;utilisation des informations disponibles sur ce serveur.<\/p>\n\n\n\n<p>Le site alucis.ovh contient des liens hypertextes vers des sites internet g\u00e9r\u00e9s par des tiers. ALUCIS n\u2019exer\u00e7ant aucun contr\u00f4le sur les sites quant \u00e0 leurs contenus, conditions d&rsquo;acc\u00e8s, publicit\u00e9s et services propos\u00e9s, ne peut \u00eatre tenu pour responsable dans le cadre d&rsquo;un litige survenant entre ces sites et les utilisateurs.<\/p>\n\n\n\n<p>Nous remercions les utilisateurs du site de nous faire part d\u2019\u00e9ventuelles omissions, erreurs ou corrections, en adressant un courriel \u00e0 contact@alucis.ovh.<\/p>\n\n\n\n<div class=\"wp-block-group is-layout-flow wp-block-group-is-layout-flow\"><div class=\"wp-block-group__inner-container\"><\/div><\/div>\n","protected":false},"excerpt":{"rendered":"<p>Le site alucis.ovh est la propri\u00e9t\u00e9 de la soci\u00e9t\u00e9 ALUCIS. Coordonn\u00e9es de l\u2019\u00e9diteur du siteSoci\u00e9t\u00e9 par Actions Simplifi\u00e9e au capital de 2.500 \u20acuros. Si\u00e8ge social : 68 rue du Champfleuri 91800 BRUNOY Mail : contact@alucis.ovh Immatricul\u00e9 au RCS Evry : 838 870 707 00018 TVA Intracommunautaire FR 95838870707 Directeur de la publicationAlban OSSART, Pr\u00e9sident Coordonn\u00e9es &hellip; <\/p>\n<p class=\"link-more\"><a href=\"https:\/\/alucis.ovh\/index.php\/mentions-legales\/\" class=\"more-link\">Continuer la lecture<span class=\"screen-reader-text\"> de &laquo;&nbsp;Mentions l\u00e9gales&nbsp;&raquo;<\/span><\/a><\/p>\n","protected":false},"author":1,"featured_media":0,"parent":0,"menu_order":0,"comment_status":"closed","ping_status":"closed","template":"","meta":{"footnotes":""},"class_list":["post-904","page","type-page","status-publish","hentry"],"_links":{"self":[{"href":"https:\/\/alucis.ovh\/index.php\/wp-json\/wp\/v2\/pages\/904","targetHints":{"allow":["GET"]}}],"collection":[{"href":"https:\/\/alucis.ovh\/index.php\/wp-json\/wp\/v2\/pages"}],"about":[{"href":"https:\/\/alucis.ovh\/index.php\/wp-json\/wp\/v2\/types\/page"}],"author":[{"embeddable":true,"href":"https:\/\/alucis.ovh\/index.php\/wp-json\/wp\/v2\/users\/1"}],"replies":[{"embeddable":true,"href":"https:\/\/alucis.ovh\/index.php\/wp-json\/wp\/v2\/comments?post=904"}],"version-history":[{"count":7,"href":"https:\/\/alucis.ovh\/index.php\/wp-json\/wp\/v2\/pages\/904\/revisions"}],"predecessor-version":[{"id":931,"href":"https:\/\/alucis.ovh\/index.php\/wp-json\/wp\/v2\/pages\/904\/revisions\/931"}],"wp:attachment":[{"href":"https:\/\/alucis.ovh\/index.php\/wp-json\/wp\/v2\/media?parent=904"}],"curies":[{"name":"wp","href":"https:\/\/api.w.org\/{rel}","templated":true}]}}